{"id":1689,"date":"2022-05-09T11:33:41","date_gmt":"2022-05-09T11:33:41","guid":{"rendered":"https:\/\/wikkelboat.nl\/wikkelboat-geschenkgutschein\/"},"modified":"2022-05-21T23:02:47","modified_gmt":"2022-05-21T23:02:47","slug":"wikkelboat-geschenkgutschein","status":"publish","type":"page","link":"https:\/\/wikkelboat.nl\/de\/wikkelboat-geschenkgutschein\/","title":{"rendered":"Wikkelboat Geschenkgutschein"},"content":{"rendered":"\t\t<div data-elementor-type=\"wp-page\" data-elementor-id=\"1689\" class=\"elementor elementor-1689 elementor-905\" data-elementor-post-type=\"page\">\n\t\t\t\t\t\t<section class=\"elementor-section elementor-top-section elementor-element elementor-element-d79adcc elementor-section-height-min-height elementor-section-items-stretch elementor-section-content-middle elementor-section-boxed elementor-section-height-default\" data-id=\"d79adcc\" data-element_type=\"section\" data-settings=\"{&quot;background_background&quot;:&quot;classic&quot;}\">\n\t\t\t\t\t\t\t<div class=\"elementor-background-overlay\"><\/div>\n\t\t\t\t\t\t\t<div class=\"elementor-container elementor-column-gap-no\">\n\t\t\t\t\t<div class=\"elementor-column elementor-col-50 elementor-top-column elementor-element elementor-element-457f073c\" data-id=\"457f073c\" data-element_type=\"column\">\n\t\t\t<div class=\"elementor-widget-wrap elementor-element-populated\">\n\t\t\t\t\t\t<div class=\"elementor-element elementor-element-8a4ad7f elementor-widget elementor-widget-image\" data-id=\"8a4ad7f\" data-element_type=\"widget\" data-widget_type=\"image.default\">\n\t\t\t\t<div class=\"elementor-widget-container\">\n\t\t\t\t\t\t\t\t\t\t\t\t\t\t\t<img fetchpriority=\"high\" decoding=\"async\" width=\"500\" height=\"500\" src=\"https:\/\/wikkelboat.nl\/wp-content\/uploads\/2022\/05\/wikkelboat-wave.png\" class=\"attachment-large size-large wp-image-1623\" alt=\"\" srcset=\"https:\/\/wikkelboat.nl\/wp-content\/uploads\/2022\/05\/wikkelboat-wave.png 500w, https:\/\/wikkelboat.nl\/wp-content\/uploads\/2022\/05\/wikkelboat-wave-300x300.png 300w, https:\/\/wikkelboat.nl\/wp-content\/uploads\/2022\/05\/wikkelboat-wave-150x150.png 150w\" sizes=\"(max-width: 500px) 100vw, 500px\" \/>\t\t\t\t\t\t\t\t\t\t\t\t\t\t\t<\/div>\n\t\t\t\t<\/div>\n\t\t\t\t<div class=\"elementor-element elementor-element-48573e8b elementor-invisible elementor-widget elementor-widget-heading\" data-id=\"48573e8b\" data-element_type=\"widget\" data-settings=\"{&quot;_animation&quot;:&quot;fadeIn&quot;}\" data-widget_type=\"heading.default\">\n\t\t\t\t<div class=\"elementor-widget-container\">\n\t\t\t\t\t<h1 class=\"elementor-heading-title elementor-size-default\">Verschenken Sie eine \u00dcbernachtung!<\/h1>\t\t\t\t<\/div>\n\t\t\t\t<\/div>\n\t\t\t\t<div class=\"elementor-element elementor-element-7a1eb96 elementor-widget elementor-widget-text-editor\" data-id=\"7a1eb96\" data-element_type=\"widget\" data-widget_type=\"text-editor.default\">\n\t\t\t\t<div class=\"elementor-widget-container\">\n\t\t\t\t\t\t\t\t\t<p>Originell, gem\u00fctlich &amp; \u00fcberraschend<\/p>\t\t\t\t\t\t\t\t<\/div>\n\t\t\t\t<\/div>\n\t\t\t\t\t<\/div>\n\t\t<\/div>\n\t\t\t\t<div class=\"elementor-column elementor-col-50 elementor-top-column elementor-element elementor-element-52b33d84 elementor-hidden-mobile\" data-id=\"52b33d84\" data-element_type=\"column\">\n\t\t\t<div class=\"elementor-widget-wrap elementor-element-populated\">\n\t\t\t\t\t\t<div class=\"elementor-element elementor-element-68fd46c9 elementor-align-right elementor-fixed elementor-widget elementor-widget-button\" data-id=\"68fd46c9\" data-element_type=\"widget\" data-settings=\"{&quot;_position&quot;:&quot;fixed&quot;}\" data-widget_type=\"button.default\">\n\t\t\t\t<div class=\"elementor-widget-container\">\n\t\t\t\t\t\t\t\t\t<div class=\"elementor-button-wrapper\">\n\t\t\t\t\t<a class=\"elementor-button elementor-button-link elementor-size-sm\" href=\"#\">\n\t\t\t\t\t\t<span class=\"elementor-button-content-wrapper\">\n\t\t\t\t\t\t\t\t\t<span class=\"elementor-button-text\">Sofort buchen<\/span>\n\t\t\t\t\t<\/span>\n\t\t\t\t\t<\/a>\n\t\t\t\t<\/div>\n\t\t\t\t\t\t\t\t<\/div>\n\t\t\t\t<\/div>\n\t\t\t\t\t<\/div>\n\t\t<\/div>\n\t\t\t\t\t<\/div>\n\t\t<\/section>\n\t\t\t\t<section class=\"elementor-section elementor-top-section elementor-element elementor-element-24aa2f60 elementor-section-full_width elementor-section-height-default elementor-section-height-default\" data-id=\"24aa2f60\" data-element_type=\"section\">\n\t\t\t\t\t\t<div class=\"elementor-container elementor-column-gap-default\">\n\t\t\t\t\t<div class=\"elementor-column elementor-col-50 elementor-top-column elementor-element elementor-element-56455017\" data-id=\"56455017\" data-element_type=\"column\" data-settings=\"{&quot;background_background&quot;:&quot;classic&quot;}\">\n\t\t\t<div class=\"elementor-widget-wrap elementor-element-populated\">\n\t\t\t\t\t\t<div class=\"elementor-element elementor-element-7deb616 elementor-widget elementor-widget-heading\" data-id=\"7deb616\" data-element_type=\"widget\" data-widget_type=\"heading.default\">\n\t\t\t\t<div class=\"elementor-widget-container\">\n\t\t\t\t\t<h2 class=\"elementor-heading-title elementor-size-default\">Wikkelboat \u00dcbernachtung als Geschenk?<\/h2>\t\t\t\t<\/div>\n\t\t\t\t<\/div>\n\t\t\t\t<div class=\"elementor-element elementor-element-36c8fc0 elementor-widget elementor-widget-text-editor\" data-id=\"36c8fc0\" data-element_type=\"widget\" data-widget_type=\"text-editor.default\">\n\t\t\t\t<div class=\"elementor-widget-container\">\n\t\t\t\t\t\t\t\t\t<div class=\"wpb_text_column wpb_content_element \"><div class=\"wpb_wrapper\"><p>Sie m\u00f6chten jemandem eine \u00dcbernachtung schenken? Dann nutzen Sie unseren digitalen Geschenkgutschein und kontaktieren Sie uns, um einen Gutscheincode \u00fcber einen bestimmten Betrag zu generieren. Die Person kann dann ganz einfach \u00fcber unsere Website eine \u00dcbernachtung zum Wunschtermin buchen!<\/p><\/div><\/div>\t\t\t\t\t\t\t\t<\/div>\n\t\t\t\t<\/div>\n\t\t\t\t<div class=\"elementor-element elementor-element-43e059c9 elementor-align-left elementor-widget elementor-widget-button\" data-id=\"43e059c9\" data-element_type=\"widget\" data-widget_type=\"button.default\">\n\t\t\t\t<div class=\"elementor-widget-container\">\n\t\t\t\t\t\t\t\t\t<div class=\"elementor-button-wrapper\">\n\t\t\t\t\t<a class=\"elementor-button elementor-button-link elementor-size-sm\" href=\"#elementor-action%3Aaction%3Dpopup%3Aopen%26settings%3DeyJpZCI6MTczMywidG9nZ2xlIjpmYWxzZX0%3D\" target=\"_blank\">\n\t\t\t\t\t\t<span class=\"elementor-button-content-wrapper\">\n\t\t\t\t\t\t\t\t\t<span class=\"elementor-button-text\">Kontakt<\/span>\n\t\t\t\t\t<\/span>\n\t\t\t\t\t<\/a>\n\t\t\t\t<\/div>\n\t\t\t\t\t\t\t\t<\/div>\n\t\t\t\t<\/div>\n\t\t\t\t<div class=\"elementor-element elementor-element-825f0ef elementor-align-left elementor-widget elementor-widget-button\" data-id=\"825f0ef\" data-element_type=\"widget\" data-widget_type=\"button.default\">\n\t\t\t\t<div class=\"elementor-widget-container\">\n\t\t\t\t\t\t\t\t\t<div class=\"elementor-button-wrapper\">\n\t\t\t\t\t<a class=\"elementor-button elementor-button-link elementor-size-sm\" href=\"https:\/\/wikkelboat.nl\/wp-content\/uploads\/2022\/05\/Wikkelboat-Cadeaubon-2.pdf\" target=\"_blank\">\n\t\t\t\t\t\t<span class=\"elementor-button-content-wrapper\">\n\t\t\t\t\t\t\t\t\t<span class=\"elementor-button-text\">Geschenkkarte ansehen<\/span>\n\t\t\t\t\t<\/span>\n\t\t\t\t\t<\/a>\n\t\t\t\t<\/div>\n\t\t\t\t\t\t\t\t<\/div>\n\t\t\t\t<\/div>\n\t\t\t\t\t<\/div>\n\t\t<\/div>\n\t\t\t\t<div class=\"elementor-column elementor-col-50 elementor-top-column elementor-element elementor-element-6748a078\" data-id=\"6748a078\" data-element_type=\"column\" data-settings=\"{&quot;background_background&quot;:&quot;classic&quot;}\">\n\t\t\t<div class=\"elementor-widget-wrap elementor-element-populated\">\n\t\t\t\t\t\t<div class=\"elementor-element elementor-element-315316e3 elementor-widget elementor-widget-heading\" data-id=\"315316e3\" data-element_type=\"widget\" data-widget_type=\"heading.default\">\n\t\t\t\t<div class=\"elementor-widget-container\">\n\t\t\t\t\t<h2 class=\"elementor-heading-title elementor-size-default\">Wie funktionieren die Tarife?<\/h2>\t\t\t\t<\/div>\n\t\t\t\t<\/div>\n\t\t\t\t<div class=\"elementor-element elementor-element-6e179567 elementor-widget elementor-widget-text-editor\" data-id=\"6e179567\" data-element_type=\"widget\" data-widget_type=\"text-editor.default\">\n\t\t\t\t<div class=\"elementor-widget-container\">\n\t\t\t\t\t\t\t\t\t<p>Wir arbeiten mit flexiblen Tarifen, daher k\u00f6nnen einige Tage teurer sein als andere. Dar\u00fcber hinaus h\u00e4ngt dies auch vom gew\u00e4hlten Boot und Standort ab. In der Regel (au\u00dferhalb der Ferienzeiten und Veranstaltungen) ist es m\u00f6glich, ein Wikkelboat unter der Woche f\u00fcr 200 \u20ac und am Wochenende f\u00fcr 350 \u20ac zu buchen (bei 2 Personen, Versionen ohne Whirlpool, mit Whirlpool ca. 50 \u20ac teurer). Das verbleibende Guthaben kann f\u00fcr zus\u00e4tzliche Dienstleistungen wie Tretboote, Bootfahren, Fr\u00fchst\u00fcck, Champagner &amp; Rosenbl\u00e4tter im Bett usw. ausgegeben werden. Bitte kontaktieren Sie uns, damit wir dies arrangieren k\u00f6nnen.<\/p>\t\t\t\t\t\t\t\t<\/div>\n\t\t\t\t<\/div>\n\t\t\t\t<div class=\"elementor-element elementor-element-5888544e elementor-align-left elementor-widget elementor-widget-button\" data-id=\"5888544e\" data-element_type=\"widget\" data-widget_type=\"button.default\">\n\t\t\t\t<div class=\"elementor-widget-container\">\n\t\t\t\t\t\t\t\t\t<div class=\"elementor-button-wrapper\">\n\t\t\t\t\t<a class=\"elementor-button elementor-button-link elementor-size-sm\" href=\"https:\/\/wikkelboat.nl\/faq\/\" target=\"_blank\">\n\t\t\t\t\t\t<span class=\"elementor-button-content-wrapper\">\n\t\t\t\t\t\t\t\t\t<span class=\"elementor-button-text\">H\u00e4ufig gestellte Fragen (FAQ)<\/span>\n\t\t\t\t\t<\/span>\n\t\t\t\t\t<\/a>\n\t\t\t\t<\/div>\n\t\t\t\t\t\t\t\t<\/div>\n\t\t\t\t<\/div>\n\t\t\t\t\t<\/div>\n\t\t<\/div>\n\t\t\t\t\t<\/div>\n\t\t<\/section>\n\t\t\t\t<\/div>\n\t\t","protected":false},"excerpt":{"rendered":"<p>Verschenken Sie eine \u00dcbernachtung! Originell, gem\u00fctlich &amp; \u00fcberraschend Sofort buchen Wikkelboat \u00dcbernachtung als Geschenk? Sie m\u00f6chten jemandem eine \u00dcbernachtung schenken? Dann nutzen Sie unseren digitalen Geschenkgutschein und kontaktieren Sie uns, um einen Gutscheincode \u00fcber einen bestimmten Betrag zu generieren. Die Person kann dann ganz einfach \u00fcber unsere Website eine \u00dcbernachtung zum Wunschtermin buchen! Kontakt Geschenkkarte [&hellip;]<\/p>\n","protected":false},"author":1,"featured_media":0,"parent":0,"menu_order":0,"comment_status":"closed","ping_status":"closed","template":"elementor_header_footer","meta":{"footnotes":""},"class_list":["post-1689","page","type-page","status-publish","hentry"],"yoast_head":"<!-- This site is optimized with the Yoast SEO plugin v26.3 - https:\/\/yoast.com\/wordpress\/plugins\/seo\/ -->\n<title>Wikkelboat Geschenkgutschein | Wikkelboat<\/title>\n<meta name=\"robots\" content=\"index, follow, max-snippet:-1, max-image-preview:large, max-video-preview:-1\" \/>\n<link rel=\"canonical\" href=\"https:\/\/wikkelboat.nl\/de\/wikkelboat-geschenkgutschein\/\" \/>\n<meta property=\"og:locale\" content=\"de_DE\" \/>\n<meta property=\"og:type\" content=\"article\" \/>\n<meta property=\"og:title\" content=\"Wikkelboat Geschenkgutschein | Wikkelboat\" \/>\n<meta property=\"og:description\" content=\"Verschenken Sie eine \u00dcbernachtung! Originell, gem\u00fctlich &amp; \u00fcberraschend Sofort buchen Wikkelboat \u00dcbernachtung als Geschenk? Sie m\u00f6chten jemandem eine \u00dcbernachtung schenken? Dann nutzen Sie unseren digitalen Geschenkgutschein und kontaktieren Sie uns, um einen Gutscheincode \u00fcber einen bestimmten Betrag zu generieren. Die Person kann dann ganz einfach \u00fcber unsere Website eine \u00dcbernachtung zum Wunschtermin buchen! Kontakt Geschenkkarte [&hellip;]\" \/>\n<meta property=\"og:url\" content=\"https:\/\/wikkelboat.nl\/de\/wikkelboat-geschenkgutschein\/\" \/>\n<meta property=\"og:site_name\" content=\"Wikkelboat\" \/>\n<meta property=\"article:publisher\" content=\"https:\/\/www.facebook.com\/Wikkelboat\" \/>\n<meta property=\"article:modified_time\" content=\"2022-05-21T23:02:47+00:00\" \/>\n<meta property=\"og:image\" content=\"https:\/\/wikkelboat.nl\/wp-content\/uploads\/2022\/05\/wikkelboat-wave.png\" \/>\n<meta name=\"twitter:card\" content=\"summary_large_image\" \/>\n<meta name=\"twitter:label1\" content=\"Gesch\u00e4tzte Lesezeit\" \/>\n\t<meta name=\"twitter:data1\" content=\"1\u00a0Minute\" \/>\n<script type=\"application\/ld+json\" class=\"yoast-schema-graph\">{\"@context\":\"https:\/\/schema.org\",\"@graph\":[{\"@type\":\"WebPage\",\"@id\":\"https:\/\/wikkelboat.nl\/de\/wikkelboat-geschenkgutschein\/\",\"url\":\"https:\/\/wikkelboat.nl\/de\/wikkelboat-geschenkgutschein\/\",\"name\":\"Wikkelboat Geschenkgutschein | Wikkelboat\",\"isPartOf\":{\"@id\":\"https:\/\/wikkelboat.nl\/de\/#website\"},\"primaryImageOfPage\":{\"@id\":\"https:\/\/wikkelboat.nl\/de\/wikkelboat-geschenkgutschein\/#primaryimage\"},\"image\":{\"@id\":\"https:\/\/wikkelboat.nl\/de\/wikkelboat-geschenkgutschein\/#primaryimage\"},\"thumbnailUrl\":\"https:\/\/wikkelboat.nl\/wp-content\/uploads\/2022\/05\/wikkelboat-wave.png\",\"datePublished\":\"2022-05-09T11:33:41+00:00\",\"dateModified\":\"2022-05-21T23:02:47+00:00\",\"breadcrumb\":{\"@id\":\"https:\/\/wikkelboat.nl\/de\/wikkelboat-geschenkgutschein\/#breadcrumb\"},\"inLanguage\":\"de\",\"potentialAction\":[{\"@type\":\"ReadAction\",\"target\":[\"https:\/\/wikkelboat.nl\/de\/wikkelboat-geschenkgutschein\/\"]}]},{\"@type\":\"ImageObject\",\"inLanguage\":\"de\",\"@id\":\"https:\/\/wikkelboat.nl\/de\/wikkelboat-geschenkgutschein\/#primaryimage\",\"url\":\"https:\/\/wikkelboat.nl\/wp-content\/uploads\/2022\/05\/wikkelboat-wave.png\",\"contentUrl\":\"https:\/\/wikkelboat.nl\/wp-content\/uploads\/2022\/05\/wikkelboat-wave.png\"},{\"@type\":\"BreadcrumbList\",\"@id\":\"https:\/\/wikkelboat.nl\/de\/wikkelboat-geschenkgutschein\/#breadcrumb\",\"itemListElement\":[{\"@type\":\"ListItem\",\"position\":1,\"name\":\"Home\",\"item\":\"https:\/\/wikkelboat.nl\/de\/home\/\"},{\"@type\":\"ListItem\",\"position\":2,\"name\":\"Wikkelboat Geschenkgutschein\"}]},{\"@type\":\"WebSite\",\"@id\":\"https:\/\/wikkelboat.nl\/de\/#website\",\"url\":\"https:\/\/wikkelboat.nl\/de\/\",\"name\":\"Wikkelboat\",\"description\":\"Uniek verblijf in een tiny house boot op het water\",\"publisher\":{\"@id\":\"https:\/\/wikkelboat.nl\/de\/#organization\"},\"potentialAction\":[{\"@type\":\"SearchAction\",\"target\":{\"@type\":\"EntryPoint\",\"urlTemplate\":\"https:\/\/wikkelboat.nl\/de\/?s={search_term_string}\"},\"query-input\":{\"@type\":\"PropertyValueSpecification\",\"valueRequired\":true,\"valueName\":\"search_term_string\"}}],\"inLanguage\":\"de\"},{\"@type\":\"Organization\",\"@id\":\"https:\/\/wikkelboat.nl\/de\/#organization\",\"name\":\"Wikkelboat\",\"url\":\"https:\/\/wikkelboat.nl\/de\/\",\"logo\":{\"@type\":\"ImageObject\",\"inLanguage\":\"de\",\"@id\":\"https:\/\/wikkelboat.nl\/de\/#\/schema\/logo\/image\/\",\"url\":\"https:\/\/wikkelboat.nl\/wp-content\/uploads\/2022\/03\/Artwork5_4badc3a7-7068-424b-8249-f3f2cd4b696c.png\",\"contentUrl\":\"https:\/\/wikkelboat.nl\/wp-content\/uploads\/2022\/03\/Artwork5_4badc3a7-7068-424b-8249-f3f2cd4b696c.png\",\"width\":1358,\"height\":1131,\"caption\":\"Wikkelboat\"},\"image\":{\"@id\":\"https:\/\/wikkelboat.nl\/de\/#\/schema\/logo\/image\/\"},\"sameAs\":[\"https:\/\/www.facebook.com\/Wikkelboat\"]}]}<\/script>\n<!-- \/ Yoast SEO plugin. -->","yoast_head_json":{"title":"Wikkelboat Geschenkgutschein | Wikkelboat","robots":{"index":"index","follow":"follow","max-snippet":"max-snippet:-1","max-image-preview":"max-image-preview:large","max-video-preview":"max-video-preview:-1"},"canonical":"https:\/\/wikkelboat.nl\/de\/wikkelboat-geschenkgutschein\/","og_locale":"de_DE","og_type":"article","og_title":"Wikkelboat Geschenkgutschein | Wikkelboat","og_description":"Verschenken Sie eine \u00dcbernachtung! Originell, gem\u00fctlich &amp; \u00fcberraschend Sofort buchen Wikkelboat \u00dcbernachtung als Geschenk? Sie m\u00f6chten jemandem eine \u00dcbernachtung schenken? Dann nutzen Sie unseren digitalen Geschenkgutschein und kontaktieren Sie uns, um einen Gutscheincode \u00fcber einen bestimmten Betrag zu generieren. Die Person kann dann ganz einfach \u00fcber unsere Website eine \u00dcbernachtung zum Wunschtermin buchen! Kontakt Geschenkkarte [&hellip;]","og_url":"https:\/\/wikkelboat.nl\/de\/wikkelboat-geschenkgutschein\/","og_site_name":"Wikkelboat","article_publisher":"https:\/\/www.facebook.com\/Wikkelboat","article_modified_time":"2022-05-21T23:02:47+00:00","og_image":[{"url":"https:\/\/wikkelboat.nl\/wp-content\/uploads\/2022\/05\/wikkelboat-wave.png","type":"","width":"","height":""}],"twitter_card":"summary_large_image","twitter_misc":{"Gesch\u00e4tzte Lesezeit":"1\u00a0Minute"},"schema":{"@context":"https:\/\/schema.org","@graph":[{"@type":"WebPage","@id":"https:\/\/wikkelboat.nl\/de\/wikkelboat-geschenkgutschein\/","url":"https:\/\/wikkelboat.nl\/de\/wikkelboat-geschenkgutschein\/","name":"Wikkelboat Geschenkgutschein | Wikkelboat","isPartOf":{"@id":"https:\/\/wikkelboat.nl\/de\/#website"},"primaryImageOfPage":{"@id":"https:\/\/wikkelboat.nl\/de\/wikkelboat-geschenkgutschein\/#primaryimage"},"image":{"@id":"https:\/\/wikkelboat.nl\/de\/wikkelboat-geschenkgutschein\/#primaryimage"},"thumbnailUrl":"https:\/\/wikkelboat.nl\/wp-content\/uploads\/2022\/05\/wikkelboat-wave.png","datePublished":"2022-05-09T11:33:41+00:00","dateModified":"2022-05-21T23:02:47+00:00","breadcrumb":{"@id":"https:\/\/wikkelboat.nl\/de\/wikkelboat-geschenkgutschein\/#breadcrumb"},"inLanguage":"de","potentialAction":[{"@type":"ReadAction","target":["https:\/\/wikkelboat.nl\/de\/wikkelboat-geschenkgutschein\/"]}]},{"@type":"ImageObject","inLanguage":"de","@id":"https:\/\/wikkelboat.nl\/de\/wikkelboat-geschenkgutschein\/#primaryimage","url":"https:\/\/wikkelboat.nl\/wp-content\/uploads\/2022\/05\/wikkelboat-wave.png","contentUrl":"https:\/\/wikkelboat.nl\/wp-content\/uploads\/2022\/05\/wikkelboat-wave.png"},{"@type":"BreadcrumbList","@id":"https:\/\/wikkelboat.nl\/de\/wikkelboat-geschenkgutschein\/#breadcrumb","itemListElement":[{"@type":"ListItem","position":1,"name":"Home","item":"https:\/\/wikkelboat.nl\/de\/home\/"},{"@type":"ListItem","position":2,"name":"Wikkelboat Geschenkgutschein"}]},{"@type":"WebSite","@id":"https:\/\/wikkelboat.nl\/de\/#website","url":"https:\/\/wikkelboat.nl\/de\/","name":"Wikkelboat","description":"Uniek verblijf in een tiny house boot op het water","publisher":{"@id":"https:\/\/wikkelboat.nl\/de\/#organization"},"potentialAction":[{"@type":"SearchAction","target":{"@type":"EntryPoint","urlTemplate":"https:\/\/wikkelboat.nl\/de\/?s={search_term_string}"},"query-input":{"@type":"PropertyValueSpecification","valueRequired":true,"valueName":"search_term_string"}}],"inLanguage":"de"},{"@type":"Organization","@id":"https:\/\/wikkelboat.nl\/de\/#organization","name":"Wikkelboat","url":"https:\/\/wikkelboat.nl\/de\/","logo":{"@type":"ImageObject","inLanguage":"de","@id":"https:\/\/wikkelboat.nl\/de\/#\/schema\/logo\/image\/","url":"https:\/\/wikkelboat.nl\/wp-content\/uploads\/2022\/03\/Artwork5_4badc3a7-7068-424b-8249-f3f2cd4b696c.png","contentUrl":"https:\/\/wikkelboat.nl\/wp-content\/uploads\/2022\/03\/Artwork5_4badc3a7-7068-424b-8249-f3f2cd4b696c.png","width":1358,"height":1131,"caption":"Wikkelboat"},"image":{"@id":"https:\/\/wikkelboat.nl\/de\/#\/schema\/logo\/image\/"},"sameAs":["https:\/\/www.facebook.com\/Wikkelboat"]}]}},"_links":{"self":[{"href":"https:\/\/wikkelboat.nl\/de\/wp-json\/wp\/v2\/pages\/1689","targetHints":{"allow":["GET"]}}],"collection":[{"href":"https:\/\/wikkelboat.nl\/de\/wp-json\/wp\/v2\/pages"}],"about":[{"href":"https:\/\/wikkelboat.nl\/de\/wp-json\/wp\/v2\/types\/page"}],"author":[{"embeddable":true,"href":"https:\/\/wikkelboat.nl\/de\/wp-json\/wp\/v2\/users\/1"}],"replies":[{"embeddable":true,"href":"https:\/\/wikkelboat.nl\/de\/wp-json\/wp\/v2\/comments?post=1689"}],"version-history":[{"count":1,"href":"https:\/\/wikkelboat.nl\/de\/wp-json\/wp\/v2\/pages\/1689\/revisions"}],"predecessor-version":[{"id":1696,"href":"https:\/\/wikkelboat.nl\/de\/wp-json\/wp\/v2\/pages\/1689\/revisions\/1696"}],"wp:attachment":[{"href":"https:\/\/wikkelboat.nl\/de\/wp-json\/wp\/v2\/media?parent=1689"}],"curies":[{"name":"wp","href":"https:\/\/api.w.org\/{rel}","templated":true}]}}