{"id":1796,"date":"2022-05-02T08:30:51","date_gmt":"2022-05-02T08:30:51","guid":{"rendered":"https:\/\/wikkelboat.nl\/datenschutz-bestimmungen\/"},"modified":"2022-05-21T23:18:11","modified_gmt":"2022-05-21T23:18:11","slug":"datenschutz-bestimmungen","status":"publish","type":"page","link":"https:\/\/wikkelboat.nl\/de\/datenschutz-bestimmungen\/","title":{"rendered":"Datenschutz-Bestimmungen"},"content":{"rendered":"\t\t<div data-elementor-type=\"wp-page\" data-elementor-id=\"1796\" class=\"elementor elementor-1796 elementor-580\" data-elementor-post-type=\"page\">\n\t\t\t\t\t\t<section class=\"elementor-section elementor-top-section elementor-element elementor-element-3cf41ae3 elementor-section-height-min-height elementor-section-items-stretch elementor-section-content-middle elementor-section-boxed elementor-section-height-default\" data-id=\"3cf41ae3\" data-element_type=\"section\" data-settings=\"{&quot;background_background&quot;:&quot;classic&quot;,&quot;shape_divider_bottom&quot;:&quot;waves&quot;}\">\n\t\t\t\t\t\t\t<div class=\"elementor-background-overlay\"><\/div>\n\t\t\t\t\t\t<div class=\"elementor-shape elementor-shape-bottom\" aria-hidden=\"true\" data-negative=\"false\">\n\t\t\t<svg xmlns=\"http:\/\/www.w3.org\/2000\/svg\" viewBox=\"0 0 1000 100\" preserveAspectRatio=\"none\">\n\t<path class=\"elementor-shape-fill\" d=\"M421.9,6.5c22.6-2.5,51.5,0.4,75.5,5.3c23.6,4.9,70.9,23.5,100.5,35.7c75.8,32.2,133.7,44.5,192.6,49.7\n\tc23.6,2.1,48.7,3.5,103.4-2.5c54.7-6,106.2-25.6,106.2-25.6V0H0v30.3c0,0,72,32.6,158.4,30.5c39.2-0.7,92.8-6.7,134-22.4\n\tc21.2-8.1,52.2-18.2,79.7-24.2C399.3,7.9,411.6,7.5,421.9,6.5z\"\/>\n<\/svg>\t\t<\/div>\n\t\t\t\t\t<div class=\"elementor-container elementor-column-gap-no\">\n\t\t\t\t\t<div class=\"elementor-column elementor-col-50 elementor-top-column elementor-element elementor-element-693f9f9\" data-id=\"693f9f9\" data-element_type=\"column\">\n\t\t\t<div class=\"elementor-widget-wrap elementor-element-populated\">\n\t\t\t\t\t\t<div class=\"elementor-element elementor-element-76fbb68a elementor-invisible elementor-widget elementor-widget-heading\" data-id=\"76fbb68a\" data-element_type=\"widget\" data-settings=\"{&quot;_animation&quot;:&quot;fadeIn&quot;}\" data-widget_type=\"heading.default\">\n\t\t\t\t<div class=\"elementor-widget-container\">\n\t\t\t\t\t<h1 class=\"elementor-heading-title elementor-size-default\">Wikkelboat<br>Datenschutz-Bestimmungen<\/h1>\t\t\t\t<\/div>\n\t\t\t\t<\/div>\n\t\t\t\t\t<\/div>\n\t\t<\/div>\n\t\t\t\t<div class=\"elementor-column elementor-col-50 elementor-top-column elementor-element elementor-element-62d111ba\" data-id=\"62d111ba\" data-element_type=\"column\">\n\t\t\t<div class=\"elementor-widget-wrap\">\n\t\t\t\t\t\t\t<\/div>\n\t\t<\/div>\n\t\t\t\t\t<\/div>\n\t\t<\/section>\n\t\t\t\t<section class=\"elementor-section elementor-top-section elementor-element elementor-element-31b1c54 elementor-section-boxed elementor-section-height-default elementor-section-height-default\" data-id=\"31b1c54\" data-element_type=\"section\">\n\t\t\t\t\t\t<div class=\"elementor-container elementor-column-gap-default\">\n\t\t\t\t\t<div class=\"elementor-column elementor-col-16 elementor-top-column elementor-element elementor-element-66932de\" data-id=\"66932de\" data-element_type=\"column\">\n\t\t\t<div class=\"elementor-widget-wrap\">\n\t\t\t\t\t\t\t<\/div>\n\t\t<\/div>\n\t\t\t\t<div class=\"elementor-column elementor-col-66 elementor-top-column elementor-element elementor-element-7012884\" data-id=\"7012884\" data-element_type=\"column\">\n\t\t\t<div class=\"elementor-widget-wrap elementor-element-populated\">\n\t\t\t\t\t\t<div class=\"elementor-element elementor-element-c3a633d elementor-hidden-mobile elementor-widget elementor-widget-heading\" data-id=\"c3a633d\" data-element_type=\"widget\" data-widget_type=\"heading.default\">\n\t\t\t\t<div class=\"elementor-widget-container\">\n\t\t\t\t\t<h2 class=\"elementor-heading-title elementor-size-default\">Datenschutz-Bestimmungen<\/h2>\t\t\t\t<\/div>\n\t\t\t\t<\/div>\n\t\t\t\t<div class=\"elementor-element elementor-element-85eee03 elementor-widget elementor-widget-text-editor\" data-id=\"85eee03\" data-element_type=\"widget\" data-widget_type=\"text-editor.default\">\n\t\t\t\t<div class=\"elementor-widget-container\">\n\t\t\t\t\t\t\t\t\t<div class=\"vc_row wpb_row vc_row-fluid\" data-midnight=\"dark\"><div class=\"wpb_column vc_column_container vc_col-sm-12\"><div class=\"vc_column-inner \"><div class=\"wpb_wrapper\"><div class=\"wpb_text_column wpb_content_element \"><div class=\"wpb_wrapper\"><p><b>DATENSCHUTZERKL\u00c4RUNG<\/b><\/p><p>Wikkelboat Rotterdam respektiert die Privatsph\u00e4re der Besucher seiner Website, insbesondere die Rechte der Besucher in Bezug auf die automatisierte Verarbeitung personenbezogener Daten. Aufgrund der vollst\u00e4ndigen Transparenz gegen\u00fcber unseren Kunden haben wir daher eine Richtlinie bez\u00fcglich dieser Verarbeitungsvorg\u00e4nge selbst, ihres Zwecks sowie der M\u00f6glichkeiten f\u00fcr betroffene Personen, ihre Rechte so gut wie m\u00f6glich auszu\u00fcben, formuliert und umgesetzt.<br>Alle weiteren Informationen zum Schutz personenbezogener Daten finden Sie auf der Website der niederl\u00e4ndischen Datenschutzbeh\u00f6rde: <a href=\"https:\/\/autoriteitpersoonsgegevens.nl\/nl\">https:\/\/autoriteitpersoonsgegevens.nl\/nl<\/a> .<\/p><p>Bis Sie der Verwendung von Cookies und anderen Tracking-Systemen auf der Website zustimmen, werden wir keine analytischen Cookies und\/oder Tracking-Cookies auf Ihrem Computer, Mobiltelefon oder Tablet platzieren.<\/p><p>Indem Sie diese Website weiterhin besuchen, akzeptieren Sie die folgenden Nutzungsbedingungen.<\/p><p>Die auf der Website verf\u00fcgbare aktuelle Version der Datenschutzerkl\u00e4rung ist die einzige Version, die g\u00fcltig ist, solange Sie die Website besuchen, bis eine neue Version die aktuelle Version ersetzt.<\/p><p>Artikel 1 \u2013 Gesetzliche Bestimmungen<\/p><ol><li>Website (im Folgenden auch \u201edie Website\u201c): www.windboat.nl<\/li><\/ol><ol start=\"2\"><li>Verantwortlich f\u00fcr die Verarbeitung personenbezogener Daten (im Folgenden auch: \u201eDer Administrator\u201c): Wikkelboat \u2013 The Red Apple Marina BV, mit Sitz in Wijnhaven 2, Rotterdam, Handelskammernummer: 63062739.<\/li><\/ol><p>Artikel 2 \u2013 Zugriff auf die Website<\/p><ul><li>Der Zugriff auf die Website und deren Nutzung ist streng pers\u00f6nlich. Sie werden diese Website oder die darauf bereitgestellten Daten und Informationen nicht f\u00fcr kommerzielle, politische oder Werbezwecke oder f\u00fcr kommerzielle Angebote und insbesondere nicht f\u00fcr unaufgeforderte elektronische Angebote verwenden.<\/li><\/ul><p>Artikel 3 \u2013 Der Inhalt der Website<\/p><ul><li>Alle Marken, Bilder, Texte, Kommentare, Illustrationen, (Animations-)Bilder, Videobilder, T\u00f6ne sowie alle technischen Anwendungen, die verwendet werden k\u00f6nnen, damit die Website funktioniert, und allgemein alle auf dieser Website verwendeten Teile sind gesch\u00fctzt durch Recht durch geistige Eigentumsrechte. Jegliche Vervielf\u00e4ltigung, Wiederholung, Verwendung oder Anpassung, in welcher Form auch immer, ganz oder teilweise, einschlie\u00dflich der technischen Anwendungen, ohne die vorherige schriftliche Zustimmung des Verantwortlichen ist strengstens untersagt. Wenn der Administrator nicht unverz\u00fcglich gegen einen Versto\u00df vorgeht, kann dies nicht als stillschweigende Zustimmung oder als Verzicht auf ein Gerichtsverfahren ausgelegt werden.<\/li><\/ul><p>Artikel 4 \u2013 Verwaltung der Website<\/p><ul><li>F\u00fcr die ordnungsgem\u00e4\u00dfe Verwaltung der Website kann der Administrator jederzeit:<\/li><li>den Zugriff auf eine bestimmte Kategorie von Besuchern auf die gesamte oder einen Teil der Website auszusetzen, zu unterbrechen oder einzuschr\u00e4nken<\/li><li>alle Informationen zu entfernen, die das Funktionieren der Website st\u00f6ren k\u00f6nnten oder die gegen nationales oder internationales Recht versto\u00dfen oder gegen die Internet-Etikette versto\u00dfen<\/li><li>die Website vor\u00fcbergehend nicht verf\u00fcgbar zu machen, um Aktualisierungen durchzuf\u00fchren<\/li><\/ul><p>Artikel 5 \u2013 Verantwortlichkeiten<\/p><ul><li>Der Administrator ist in keiner Weise verantwortlich f\u00fcr Ausf\u00e4lle, Fehlfunktionen, Schwierigkeiten oder Unterbrechungen des Betriebs der Website, aufgrund derer die Website oder eine ihrer Funktionen nicht zug\u00e4nglich ist. Die Art und Weise, wie Sie sich mit der Website verbinden, liegt in Ihrer eigenen Verantwortung. Sie m\u00fcssen selbst alle geeigneten Ma\u00dfnahmen ergreifen, um Ihre Ger\u00e4te und Ihre Daten unter anderem vor Virenangriffen aus dem Internet zu sch\u00fctzen. Sie sind auch verantwortlich f\u00fcr die Websites und die Daten, die Sie im Internet abrufen.<\/li><\/ul><ul><li>Der Administrator haftet nicht f\u00fcr Gerichtsverfahren gegen Sie:<\/li><li>aufgrund der Nutzung der Website oder der \u00fcber das Internet zug\u00e4nglichen Dienste<\/li><li>f\u00fcr die Verletzung der Bedingungen dieser Datenschutzrichtlinie<\/li><li>Der Administrator ist nicht verantwortlich f\u00fcr Sch\u00e4den, die Ihnen, Dritten oder Ihrer Ausr\u00fcstung durch Ihre Verbindung mit oder Nutzung der Website entstehen. Sie werden daher von jeglichen Ma\u00dfnahmen gegen den Administrator absehen.<\/li><li>Wenn der Administrator aufgrund Ihrer Nutzung dieser Website in einen Streit verwickelt wird, ist er berechtigt, von Ihnen alle Sch\u00e4den zu verlangen, die ihm dadurch entstehen und entstehen werden.<\/li><\/ul><p>Artikel 6 \u2013 Erhebung von Daten<\/p><ul><li>Ihre Daten werden von Wikkelboat \u2013 The Red Apple Marina BV und (einem) externen Auftragsverarbeiter(n) erhoben. Unter personenbezogenen Daten werden verstanden: alle Informationen \u00fcber eine identifizierte oder identifizierbare nat\u00fcrliche Person; identifizierbar ist eine nat\u00fcrliche Person, die direkt oder indirekt identifiziert werden kann, insbesondere durch Zuordnung zu einer Kennung wie einem Namen, zu einer Kennnummer, zu Standortdaten, zu einer Online-Kennung oder zu einem oder mehreren besonderen k\u00f6rperlichen, physiologischen oder genetischen Elementen , psychologische, wirtschaftliche, kulturelle oder soziale Identit\u00e4t.<\/li><\/ul><ul><li>Die auf der Website erhobenen personenbezogenen Daten werden vom Administrator haupts\u00e4chlich zur Pflege der Beziehungen zu Ihnen und ggf. zur Abwicklung Ihrer Bestellungen verwendet.<\/li><\/ul><p>Artikel 7 \u2013 Ihre Rechte in Bezug auf Ihre Daten<\/p><ul><li>Gem\u00e4\u00df Artikel 13 Absatz 2 Buchstabe b DSGVO hat jede Person das Recht auf Einsichtnahme und Berichtigung oder L\u00f6schung ihrer personenbezogenen Daten oder Einschr\u00e4nkung der Verarbeitung, sowie das Recht auf Widerspruch gegen die Verarbeitung und das Recht auf Daten\u00fcbertragbarkeit. Sie k\u00f6nnen diese Rechte aus\u00fcben, indem Sie uns \u00fcber info@windboat.nl kontaktieren.<\/li><li>Jedem diesbez\u00fcglichen Antrag ist eine Kopie eines g\u00fcltigen Identit\u00e4tsnachweises beizuf\u00fcgen, auf dem Sie Ihre Unterschrift und die Adresse angeben, unter der Sie kontaktiert werden k\u00f6nnen. Sie erhalten innerhalb von 1 Monat nach Einreichung der Anfrage eine Antwort auf Ihre Anfrage. Abh\u00e4ngig von der Komplexit\u00e4t der Anfragen und der Anzahl der Anfragen kann diese Frist bei Bedarf um 2 Monate verl\u00e4ngert werden.<\/li><\/ul><p>Artikel 8 \u2013 Verarbeitung personenbezogener Daten<\/p><ul><li>Im Falle eines Versto\u00dfes gegen Gesetze oder Vorschriften, dessen der Besucher verd\u00e4chtigt wird und f\u00fcr den die Beh\u00f6rden vom Administrator gesammelte personenbezogene Daten ben\u00f6tigen, werden diese ihnen nach ausdr\u00fccklicher und begr\u00fcndeter Anfrage dieser Beh\u00f6rden zur Verf\u00fcgung gestellt, wonach diese personenbezogenen Daten nicht mehr verf\u00fcgbar sind, werden durch die Bestimmungen dieser Datenschutzerkl\u00e4rung gesch\u00fctzt.<\/li><\/ul><ul><li>Wenn bestimmte Informationen erforderlich sind, um auf bestimmte Funktionen der Website zuzugreifen, weist die verantwortliche Person zum Zeitpunkt der Anforderung der Daten auf den obligatorischen Charakter dieser Informationen hin.<\/li><\/ul><p>Artikel 9 \u2013 Kommerzielle Angebote<\/p><ul><li>Sie k\u00f6nnen kommerzielle Angebote vom Administrator erhalten. Wenn Sie diese nicht (mehr) erhalten m\u00f6chten, senden Sie bitte eine E-Mail an die folgende Adresse: info@windboat.nl<\/li><\/ul><ul><li>Wenn Sie beim Besuch der Website auf personenbezogene Daten sto\u00dfen, m\u00fcssen Sie deren Erfassung oder jede andere unbefugte Nutzung sowie jede Handlung unterlassen, die einen Eingriff in die Privatsph\u00e4re dieser Person(en) darstellt. Der Administrator ist in den oben genannten Situationen in keiner Weise verantwortlich.<\/li><\/ul><p>Artikel 10 \u2013 Datenaufbewahrungsfrist<\/p><ul><li>Die vom Website-Administrator erhobenen Daten werden f\u00fcr die gesetzlich festgelegte Dauer verwendet und gespeichert.<\/li><\/ul><p>Artikel 11 \u2013 Cookies<\/p><ul><li>Ein Cookie ist eine kleine Textdatei, die auf der Festplatte Ihres Computers abgelegt wird, wenn Sie unsere Website besuchen. Ein Cookie enth\u00e4lt Daten, damit Sie bei jedem Besuch unserer Website als Besucher wiedererkannt werden k\u00f6nnen. Dadurch ist es m\u00f6glich, unsere Website speziell f\u00fcr Sie einzurichten und Ihnen das Einloggen zu erleichtern. Beim Besuch unserer Website erscheint ein Banner, mit dem wir Sie \u00fcber die Verwendung von Cookies informieren. Indem Sie unsere Website weiterhin nutzen, akzeptieren Sie deren Verwendung. Ihre Einwilligung gilt f\u00fcr einen Zeitraum von dreizehn Monaten.<\/li><\/ul><ul><li>Wir verwenden auf unserer Website die folgenden Arten von Cookies:<\/li><\/ul><ul><li>\u2013 Funktionale Cookies: wie Sitzungs- und Login-Cookies zum Verfolgen von Sitzungs- und Login-Informationen.<\/li><li>\u2013 Anonymisierte analytische Cookies: um anhand von Informationen \u00fcber Besucherzahlen, beliebte Seiten und Themen einen Einblick in den Besuch unserer Website zu erhalten. Auf diese Weise k\u00f6nnen wir die Kommunikation und Informationsbereitstellung besser auf die Bed\u00fcrfnisse der Besucher unserer Website abstimmen. Wir k\u00f6nnen nicht sehen, wer unsere Webseiten besucht oder von welchem PC aus der Besuch erfolgt.<\/li><\/ul><ul><li> Tracking-Cookies: wie Werbe-Cookies, die relevante Werbung zeigen sollen. Aus den Informationen \u00fcber besuchte Webseiten k\u00f6nnen pers\u00f6nliche Interessen abgeleitet werden. Auf diese Weise k\u00f6nnen Organisationen ihren Website-Besuchern beispielsweise gezielte Werbung anzeigen. Tracking-Cookies erm\u00f6glichen es, Profile von Personen zu erstellen und diese unterschiedlich zu behandeln. Tracking-Cookies verarbeiten in der Regel personenbezogene Daten.<\/li><\/ul><p>Genauer gesagt verwenden wir die folgenden Cookies:<\/p><p>Facebook (Tracking-Cookie)<\/p><p>Google Adwords (Tracking-Cookie)<\/p><ul><li>Wenn Sie unsere Website besuchen, k\u00f6nnen Cookies des f\u00fcr die Verarbeitung Verantwortlichen und\/oder Dritter auf Ihrem Ger\u00e4t installiert werden.<\/li><li>F\u00fcr weitere Informationen \u00fcber die Verwendung, Verwaltung und L\u00f6schung von Cookies f\u00fcr jeden Betriebstyp laden wir Sie ein, den folgenden Link zu konsultieren: <a href=\"https:\/\/autoriteitpersoonsgegevens.nl\/nl\/onderwerpen\/internet-telefoon-tv-en-post\/cookies#faq\">https:\/\/autoriteitpersoonsgegevens.nl\/nl\/onderwerpen\/internet-telefoon-tv-en-post \/cookies# FAQ<\/a><\/li><\/ul><p>Artikel 12 \u2013 Bildmaterial und angebotene Produkte<\/p><ul><li>Aus dem mit den auf der Website angebotenen Produkten verbundenen Bildmaterial k\u00f6nnen keine Rechte abgeleitet werden.<\/li><\/ul><p>Artikel 13 \u2013 Anwendbares Recht<\/p><ul><li>Auf diese Bedingungen findet niederl\u00e4ndisches Recht Anwendung. Ausschlie\u00dflicher Gerichtsstand f\u00fcr alle Streitigkeiten in Bezug auf diese AGB ist das Gericht am Sitz des Verwalters, sofern keine gesetzliche Ausnahmeregelung gilt.<\/li><\/ul><p>Artikel 14 \u2013 Kontakt<\/p><ul><li>Bei Fragen, Produktinformationen oder Informationen \u00fcber die Website selbst wenden Sie sich bitte an: Sander Waterval, info@windboat.nl<\/li><\/ul><\/div><\/div><\/div><\/div><\/div><\/div><div class=\"vc_row wpb_row vc_row-fluid\" data-midnight=\"dark\"><div class=\"wpb_column vc_column_container vc_col-sm-12\"><div class=\"vc_column-inner \"> <\/div><\/div><\/div>\t\t\t\t\t\t\t\t<\/div>\n\t\t\t\t<\/div>\n\t\t\t\t\t<\/div>\n\t\t<\/div>\n\t\t\t\t<div class=\"elementor-column elementor-col-16 elementor-top-column elementor-element elementor-element-8cbb233\" data-id=\"8cbb233\" data-element_type=\"column\">\n\t\t\t<div class=\"elementor-widget-wrap\">\n\t\t\t\t\t\t\t<\/div>\n\t\t<\/div>\n\t\t\t\t\t<\/div>\n\t\t<\/section>\n\t\t\t\t<\/div>\n\t\t","protected":false},"excerpt":{"rendered":"<p>WikkelboatDatenschutz-Bestimmungen Datenschutz-Bestimmungen DATENSCHUTZERKL\u00c4RUNG Wikkelboat Rotterdam respektiert die Privatsph\u00e4re der Besucher seiner Website, insbesondere die Rechte der Besucher in Bezug auf die automatisierte Verarbeitung personenbezogener Daten. Aufgrund der vollst\u00e4ndigen Transparenz gegen\u00fcber unseren Kunden haben wir daher eine Richtlinie bez\u00fcglich dieser Verarbeitungsvorg\u00e4nge selbst, ihres Zwecks sowie der M\u00f6glichkeiten f\u00fcr betroffene Personen, ihre Rechte so gut wie m\u00f6glich [&hellip;]<\/p>\n","protected":false},"author":1,"featured_media":0,"parent":0,"menu_order":0,"comment_status":"closed","ping_status":"closed","template":"elementor_header_footer","meta":{"footnotes":""},"class_list":["post-1796","page","type-page","status-publish","hentry"],"yoast_head":"<!-- This site is optimized with the Yoast SEO plugin v26.3 - https:\/\/yoast.com\/wordpress\/plugins\/seo\/ -->\n<title>Datenschutz-Bestimmungen | Wikkelboat<\/title>\n<meta name=\"robots\" content=\"index, follow, max-snippet:-1, max-image-preview:large, max-video-preview:-1\" \/>\n<link rel=\"canonical\" href=\"https:\/\/wikkelboat.nl\/de\/datenschutz-bestimmungen\/\" \/>\n<meta property=\"og:locale\" content=\"de_DE\" \/>\n<meta property=\"og:type\" content=\"article\" \/>\n<meta property=\"og:title\" content=\"Datenschutz-Bestimmungen | Wikkelboat\" \/>\n<meta property=\"og:description\" content=\"WikkelboatDatenschutz-Bestimmungen Datenschutz-Bestimmungen DATENSCHUTZERKL\u00c4RUNG Wikkelboat Rotterdam respektiert die Privatsph\u00e4re der Besucher seiner Website, insbesondere die Rechte der Besucher in Bezug auf die automatisierte Verarbeitung personenbezogener Daten. Aufgrund der vollst\u00e4ndigen Transparenz gegen\u00fcber unseren Kunden haben wir daher eine Richtlinie bez\u00fcglich dieser Verarbeitungsvorg\u00e4nge selbst, ihres Zwecks sowie der M\u00f6glichkeiten f\u00fcr betroffene Personen, ihre Rechte so gut wie m\u00f6glich [&hellip;]\" \/>\n<meta property=\"og:url\" content=\"https:\/\/wikkelboat.nl\/de\/datenschutz-bestimmungen\/\" \/>\n<meta property=\"og:site_name\" content=\"Wikkelboat\" \/>\n<meta property=\"article:publisher\" content=\"https:\/\/www.facebook.com\/Wikkelboat\" \/>\n<meta property=\"article:modified_time\" content=\"2022-05-21T23:18:11+00:00\" \/>\n<meta name=\"twitter:card\" content=\"summary_large_image\" \/>\n<meta name=\"twitter:label1\" content=\"Gesch\u00e4tzte Lesezeit\" \/>\n\t<meta name=\"twitter:data1\" content=\"7\u00a0Minuten\" \/>\n<script type=\"application\/ld+json\" class=\"yoast-schema-graph\">{\"@context\":\"https:\/\/schema.org\",\"@graph\":[{\"@type\":\"WebPage\",\"@id\":\"https:\/\/wikkelboat.nl\/de\/datenschutz-bestimmungen\/\",\"url\":\"https:\/\/wikkelboat.nl\/de\/datenschutz-bestimmungen\/\",\"name\":\"Datenschutz-Bestimmungen | Wikkelboat\",\"isPartOf\":{\"@id\":\"https:\/\/wikkelboat.nl\/de\/#website\"},\"datePublished\":\"2022-05-02T08:30:51+00:00\",\"dateModified\":\"2022-05-21T23:18:11+00:00\",\"breadcrumb\":{\"@id\":\"https:\/\/wikkelboat.nl\/de\/datenschutz-bestimmungen\/#breadcrumb\"},\"inLanguage\":\"de\",\"potentialAction\":[{\"@type\":\"ReadAction\",\"target\":[\"https:\/\/wikkelboat.nl\/de\/datenschutz-bestimmungen\/\"]}]},{\"@type\":\"BreadcrumbList\",\"@id\":\"https:\/\/wikkelboat.nl\/de\/datenschutz-bestimmungen\/#breadcrumb\",\"itemListElement\":[{\"@type\":\"ListItem\",\"position\":1,\"name\":\"Home\",\"item\":\"https:\/\/wikkelboat.nl\/de\/home\/\"},{\"@type\":\"ListItem\",\"position\":2,\"name\":\"Datenschutz-Bestimmungen\"}]},{\"@type\":\"WebSite\",\"@id\":\"https:\/\/wikkelboat.nl\/de\/#website\",\"url\":\"https:\/\/wikkelboat.nl\/de\/\",\"name\":\"Wikkelboat\",\"description\":\"Uniek verblijf in een tiny house boot op het water\",\"publisher\":{\"@id\":\"https:\/\/wikkelboat.nl\/de\/#organization\"},\"potentialAction\":[{\"@type\":\"SearchAction\",\"target\":{\"@type\":\"EntryPoint\",\"urlTemplate\":\"https:\/\/wikkelboat.nl\/de\/?s={search_term_string}\"},\"query-input\":{\"@type\":\"PropertyValueSpecification\",\"valueRequired\":true,\"valueName\":\"search_term_string\"}}],\"inLanguage\":\"de\"},{\"@type\":\"Organization\",\"@id\":\"https:\/\/wikkelboat.nl\/de\/#organization\",\"name\":\"Wikkelboat\",\"url\":\"https:\/\/wikkelboat.nl\/de\/\",\"logo\":{\"@type\":\"ImageObject\",\"inLanguage\":\"de\",\"@id\":\"https:\/\/wikkelboat.nl\/de\/#\/schema\/logo\/image\/\",\"url\":\"https:\/\/wikkelboat.nl\/wp-content\/uploads\/2022\/03\/Artwork5_4badc3a7-7068-424b-8249-f3f2cd4b696c.png\",\"contentUrl\":\"https:\/\/wikkelboat.nl\/wp-content\/uploads\/2022\/03\/Artwork5_4badc3a7-7068-424b-8249-f3f2cd4b696c.png\",\"width\":1358,\"height\":1131,\"caption\":\"Wikkelboat\"},\"image\":{\"@id\":\"https:\/\/wikkelboat.nl\/de\/#\/schema\/logo\/image\/\"},\"sameAs\":[\"https:\/\/www.facebook.com\/Wikkelboat\"]}]}<\/script>\n<!-- \/ Yoast SEO plugin. -->","yoast_head_json":{"title":"Datenschutz-Bestimmungen | Wikkelboat","robots":{"index":"index","follow":"follow","max-snippet":"max-snippet:-1","max-image-preview":"max-image-preview:large","max-video-preview":"max-video-preview:-1"},"canonical":"https:\/\/wikkelboat.nl\/de\/datenschutz-bestimmungen\/","og_locale":"de_DE","og_type":"article","og_title":"Datenschutz-Bestimmungen | Wikkelboat","og_description":"WikkelboatDatenschutz-Bestimmungen Datenschutz-Bestimmungen DATENSCHUTZERKL\u00c4RUNG Wikkelboat Rotterdam respektiert die Privatsph\u00e4re der Besucher seiner Website, insbesondere die Rechte der Besucher in Bezug auf die automatisierte Verarbeitung personenbezogener Daten. Aufgrund der vollst\u00e4ndigen Transparenz gegen\u00fcber unseren Kunden haben wir daher eine Richtlinie bez\u00fcglich dieser Verarbeitungsvorg\u00e4nge selbst, ihres Zwecks sowie der M\u00f6glichkeiten f\u00fcr betroffene Personen, ihre Rechte so gut wie m\u00f6glich [&hellip;]","og_url":"https:\/\/wikkelboat.nl\/de\/datenschutz-bestimmungen\/","og_site_name":"Wikkelboat","article_publisher":"https:\/\/www.facebook.com\/Wikkelboat","article_modified_time":"2022-05-21T23:18:11+00:00","twitter_card":"summary_large_image","twitter_misc":{"Gesch\u00e4tzte Lesezeit":"7\u00a0Minuten"},"schema":{"@context":"https:\/\/schema.org","@graph":[{"@type":"WebPage","@id":"https:\/\/wikkelboat.nl\/de\/datenschutz-bestimmungen\/","url":"https:\/\/wikkelboat.nl\/de\/datenschutz-bestimmungen\/","name":"Datenschutz-Bestimmungen | Wikkelboat","isPartOf":{"@id":"https:\/\/wikkelboat.nl\/de\/#website"},"datePublished":"2022-05-02T08:30:51+00:00","dateModified":"2022-05-21T23:18:11+00:00","breadcrumb":{"@id":"https:\/\/wikkelboat.nl\/de\/datenschutz-bestimmungen\/#breadcrumb"},"inLanguage":"de","potentialAction":[{"@type":"ReadAction","target":["https:\/\/wikkelboat.nl\/de\/datenschutz-bestimmungen\/"]}]},{"@type":"BreadcrumbList","@id":"https:\/\/wikkelboat.nl\/de\/datenschutz-bestimmungen\/#breadcrumb","itemListElement":[{"@type":"ListItem","position":1,"name":"Home","item":"https:\/\/wikkelboat.nl\/de\/home\/"},{"@type":"ListItem","position":2,"name":"Datenschutz-Bestimmungen"}]},{"@type":"WebSite","@id":"https:\/\/wikkelboat.nl\/de\/#website","url":"https:\/\/wikkelboat.nl\/de\/","name":"Wikkelboat","description":"Uniek verblijf in een tiny house boot op het water","publisher":{"@id":"https:\/\/wikkelboat.nl\/de\/#organization"},"potentialAction":[{"@type":"SearchAction","target":{"@type":"EntryPoint","urlTemplate":"https:\/\/wikkelboat.nl\/de\/?s={search_term_string}"},"query-input":{"@type":"PropertyValueSpecification","valueRequired":true,"valueName":"search_term_string"}}],"inLanguage":"de"},{"@type":"Organization","@id":"https:\/\/wikkelboat.nl\/de\/#organization","name":"Wikkelboat","url":"https:\/\/wikkelboat.nl\/de\/","logo":{"@type":"ImageObject","inLanguage":"de","@id":"https:\/\/wikkelboat.nl\/de\/#\/schema\/logo\/image\/","url":"https:\/\/wikkelboat.nl\/wp-content\/uploads\/2022\/03\/Artwork5_4badc3a7-7068-424b-8249-f3f2cd4b696c.png","contentUrl":"https:\/\/wikkelboat.nl\/wp-content\/uploads\/2022\/03\/Artwork5_4badc3a7-7068-424b-8249-f3f2cd4b696c.png","width":1358,"height":1131,"caption":"Wikkelboat"},"image":{"@id":"https:\/\/wikkelboat.nl\/de\/#\/schema\/logo\/image\/"},"sameAs":["https:\/\/www.facebook.com\/Wikkelboat"]}]}},"_links":{"self":[{"href":"https:\/\/wikkelboat.nl\/de\/wp-json\/wp\/v2\/pages\/1796","targetHints":{"allow":["GET"]}}],"collection":[{"href":"https:\/\/wikkelboat.nl\/de\/wp-json\/wp\/v2\/pages"}],"about":[{"href":"https:\/\/wikkelboat.nl\/de\/wp-json\/wp\/v2\/types\/page"}],"author":[{"embeddable":true,"href":"https:\/\/wikkelboat.nl\/de\/wp-json\/wp\/v2\/users\/1"}],"replies":[{"embeddable":true,"href":"https:\/\/wikkelboat.nl\/de\/wp-json\/wp\/v2\/comments?post=1796"}],"version-history":[{"count":1,"href":"https:\/\/wikkelboat.nl\/de\/wp-json\/wp\/v2\/pages\/1796\/revisions"}],"predecessor-version":[{"id":1798,"href":"https:\/\/wikkelboat.nl\/de\/wp-json\/wp\/v2\/pages\/1796\/revisions\/1798"}],"wp:attachment":[{"href":"https:\/\/wikkelboat.nl\/de\/wp-json\/wp\/v2\/media?parent=1796"}],"curies":[{"name":"wp","href":"https:\/\/api.w.org\/{rel}","templated":true}]}}