{"id":2120,"date":"2022-06-11T13:31:51","date_gmt":"2022-06-11T13:31:51","guid":{"rendered":"https:\/\/wikkelboat.nl\/regeln-fuer-den-wassersport\/"},"modified":"2022-07-06T11:23:09","modified_gmt":"2022-07-06T11:23:09","slug":"regeln-fuer-den-wassersport","status":"publish","type":"page","link":"https:\/\/wikkelboat.nl\/de\/regeln-fuer-den-wassersport\/","title":{"rendered":"Regeln f\u00fcr den Wassersport"},"content":{"rendered":"\n<p><strong>Wie cool, dass Sie das Rotterdamer Wasser auf einem unserer SUPs\/Kajaks\/Kanus\/Wasserfahrr\u00e4der erleben werden!<\/strong><\/p>\n\n<p><strong>Um den Spa\u00df und die Sicherheit f\u00fcr alle zu gew\u00e4hrleisten, bitten wir jeden Nutzer, die folgenden Regeln zu respektieren und ihnen ausdr\u00fccklich zuzustimmen:<\/strong><\/p>\n\n<p>&#8211; Schauen Sie sich immer um &#8211; der Schiffsverkehr kann sich n\u00e4hern, und wenn Sie nicht aufpassen, kann es gef\u00e4hrlich werden.<\/p>\n\n<p>&#8211; Tragen Sie IMMER eine Schwimmweste bei Wassersportaktivit\u00e4ten<\/p>\n\n<p>&#8211; Schwimmen ist verboten, aber Sie m\u00fcssen einen Schwimmschein haben<\/p>\n\n<p>&#8211; Gehen Sie NIEMALS auf die Maas&#8230; das ist lebensgef\u00e4hrlich &#8211; bleiben Sie im Innenhafen, der gro\u00df und speziell genug ist!<\/p>\n\n<p>&#8211; Im Rijnhaven: Halten Sie sich innerhalb des unten angegebenen Bereichs auf: unter der Woche tags\u00fcber bis 19 Uhr nur in Zone A, nach 19 Uhr und an Wochenenden kann auch Zone B benutzt werden. Der blaue Bereich ist wegen der schnellen und gef\u00e4hrlichen Schifffahrt strengstens untersagt<\/p>\n\n<p>&#8211; Die Benutzung unserer Wassersportger\u00e4te erfolgt auf eigene Gefahr. Als Skipper sind Sie f\u00fcr Ihre eigenen Aktivit\u00e4ten verantwortlich<\/p>\n\n<p>&#8211; Der Konsum von Alkohol und Drogen vor oder w\u00e4hrend der Wasserfreizeit ist strengstens verboten.<\/p>\n\n<p>&#8211; Immer mit der Ruhe, keine Musik und kein Geschrei auf dem Wasser &#8211; wir wollen mit den Nachbarn befreundet bleiben:-)<\/p>\n\n<p>&#8211; Jede Besch\u00e4digung oder jeder Verlust von Ausr\u00fcstungsgegenst\u00e4nden ist von Ihnen unverz\u00fcglich zu melden und uns zu erstatten.<\/p>\n\n<figure class=\"wp-block-image size-large\"><img fetchpriority=\"high\" decoding=\"async\" width=\"1024\" height=\"808\" src=\"https:\/\/wikkelboat.nl\/wp-content\/uploads\/2022\/06\/Kaart-Vaargebied-waterrcreatie-1024x808.jpg\" alt=\"\" class=\"wp-image-1944\" srcset=\"https:\/\/wikkelboat.nl\/wp-content\/uploads\/2022\/06\/Kaart-Vaargebied-waterrcreatie-1024x808.jpg 1024w, https:\/\/wikkelboat.nl\/wp-content\/uploads\/2022\/06\/Kaart-Vaargebied-waterrcreatie-300x237.jpg 300w, https:\/\/wikkelboat.nl\/wp-content\/uploads\/2022\/06\/Kaart-Vaargebied-waterrcreatie-768x606.jpg 768w, https:\/\/wikkelboat.nl\/wp-content\/uploads\/2022\/06\/Kaart-Vaargebied-waterrcreatie-1536x1212.jpg 1536w, https:\/\/wikkelboat.nl\/wp-content\/uploads\/2022\/06\/Kaart-Vaargebied-waterrcreatie.jpg 1870w\" sizes=\"(max-width: 1024px) 100vw, 1024px\" \/><\/figure>\n","protected":false},"excerpt":{"rendered":"<p>Wie cool, dass Sie das Rotterdamer Wasser auf einem unserer SUPs\/Kajaks\/Kanus\/Wasserfahrr\u00e4der erleben werden! Um den Spa\u00df und die Sicherheit f\u00fcr alle zu gew\u00e4hrleisten, bitten wir jeden Nutzer, die folgenden Regeln zu respektieren und ihnen ausdr\u00fccklich zuzustimmen: &#8211; Schauen Sie sich immer um &#8211; der Schiffsverkehr kann sich n\u00e4hern, und wenn Sie nicht aufpassen, kann es [&hellip;]<\/p>\n","protected":false},"author":3,"featured_media":0,"parent":0,"menu_order":0,"comment_status":"closed","ping_status":"closed","template":"","meta":{"footnotes":""},"class_list":["post-2120","page","type-page","status-publish","hentry"],"yoast_head":"<!-- This site is optimized with the Yoast SEO plugin v26.3 - https:\/\/yoast.com\/wordpress\/plugins\/seo\/ -->\n<title>Regeln f\u00fcr den Wassersport | Wikkelboat<\/title>\n<meta name=\"robots\" content=\"index, follow, max-snippet:-1, max-image-preview:large, max-video-preview:-1\" \/>\n<link rel=\"canonical\" href=\"https:\/\/wikkelboat.nl\/de\/regeln-fuer-den-wassersport\/\" \/>\n<meta property=\"og:locale\" content=\"de_DE\" \/>\n<meta property=\"og:type\" content=\"article\" \/>\n<meta property=\"og:title\" content=\"Regeln f\u00fcr den Wassersport | Wikkelboat\" \/>\n<meta property=\"og:description\" content=\"Wie cool, dass Sie das Rotterdamer Wasser auf einem unserer SUPs\/Kajaks\/Kanus\/Wasserfahrr\u00e4der erleben werden! Um den Spa\u00df und die Sicherheit f\u00fcr alle zu gew\u00e4hrleisten, bitten wir jeden Nutzer, die folgenden Regeln zu respektieren und ihnen ausdr\u00fccklich zuzustimmen: &#8211; Schauen Sie sich immer um &#8211; der Schiffsverkehr kann sich n\u00e4hern, und wenn Sie nicht aufpassen, kann es [&hellip;]\" \/>\n<meta property=\"og:url\" content=\"https:\/\/wikkelboat.nl\/de\/regeln-fuer-den-wassersport\/\" \/>\n<meta property=\"og:site_name\" content=\"Wikkelboat\" \/>\n<meta property=\"article:publisher\" content=\"https:\/\/www.facebook.com\/Wikkelboat\" \/>\n<meta property=\"article:modified_time\" content=\"2022-07-06T11:23:09+00:00\" \/>\n<meta property=\"og:image\" content=\"https:\/\/wikkelboat.nl\/wp-content\/uploads\/2022\/06\/Kaart-Vaargebied-waterrcreatie-1024x808.jpg\" \/>\n<meta name=\"twitter:card\" content=\"summary_large_image\" \/>\n<meta name=\"twitter:label1\" content=\"Gesch\u00e4tzte Lesezeit\" \/>\n\t<meta name=\"twitter:data1\" content=\"1\u00a0Minute\" \/>\n<script type=\"application\/ld+json\" class=\"yoast-schema-graph\">{\"@context\":\"https:\/\/schema.org\",\"@graph\":[{\"@type\":\"WebPage\",\"@id\":\"https:\/\/wikkelboat.nl\/de\/regeln-fuer-den-wassersport\/\",\"url\":\"https:\/\/wikkelboat.nl\/de\/regeln-fuer-den-wassersport\/\",\"name\":\"Regeln f\u00fcr den Wassersport | Wikkelboat\",\"isPartOf\":{\"@id\":\"https:\/\/wikkelboat.nl\/de\/#website\"},\"primaryImageOfPage\":{\"@id\":\"https:\/\/wikkelboat.nl\/de\/regeln-fuer-den-wassersport\/#primaryimage\"},\"image\":{\"@id\":\"https:\/\/wikkelboat.nl\/de\/regeln-fuer-den-wassersport\/#primaryimage\"},\"thumbnailUrl\":\"https:\/\/wikkelboat.nl\/wp-content\/uploads\/2022\/06\/Kaart-Vaargebied-waterrcreatie-1024x808.jpg\",\"datePublished\":\"2022-06-11T13:31:51+00:00\",\"dateModified\":\"2022-07-06T11:23:09+00:00\",\"breadcrumb\":{\"@id\":\"https:\/\/wikkelboat.nl\/de\/regeln-fuer-den-wassersport\/#breadcrumb\"},\"inLanguage\":\"de\",\"potentialAction\":[{\"@type\":\"ReadAction\",\"target\":[\"https:\/\/wikkelboat.nl\/de\/regeln-fuer-den-wassersport\/\"]}]},{\"@type\":\"ImageObject\",\"inLanguage\":\"de\",\"@id\":\"https:\/\/wikkelboat.nl\/de\/regeln-fuer-den-wassersport\/#primaryimage\",\"url\":\"https:\/\/wikkelboat.nl\/wp-content\/uploads\/2022\/06\/Kaart-Vaargebied-waterrcreatie-1024x808.jpg\",\"contentUrl\":\"https:\/\/wikkelboat.nl\/wp-content\/uploads\/2022\/06\/Kaart-Vaargebied-waterrcreatie-1024x808.jpg\"},{\"@type\":\"BreadcrumbList\",\"@id\":\"https:\/\/wikkelboat.nl\/de\/regeln-fuer-den-wassersport\/#breadcrumb\",\"itemListElement\":[{\"@type\":\"ListItem\",\"position\":1,\"name\":\"Home\",\"item\":\"https:\/\/wikkelboat.nl\/de\/home\/\"},{\"@type\":\"ListItem\",\"position\":2,\"name\":\"Regeln f\u00fcr den Wassersport\"}]},{\"@type\":\"WebSite\",\"@id\":\"https:\/\/wikkelboat.nl\/de\/#website\",\"url\":\"https:\/\/wikkelboat.nl\/de\/\",\"name\":\"Wikkelboat\",\"description\":\"Uniek verblijf in een tiny house boot op het water\",\"publisher\":{\"@id\":\"https:\/\/wikkelboat.nl\/de\/#organization\"},\"potentialAction\":[{\"@type\":\"SearchAction\",\"target\":{\"@type\":\"EntryPoint\",\"urlTemplate\":\"https:\/\/wikkelboat.nl\/de\/?s={search_term_string}\"},\"query-input\":{\"@type\":\"PropertyValueSpecification\",\"valueRequired\":true,\"valueName\":\"search_term_string\"}}],\"inLanguage\":\"de\"},{\"@type\":\"Organization\",\"@id\":\"https:\/\/wikkelboat.nl\/de\/#organization\",\"name\":\"Wikkelboat\",\"url\":\"https:\/\/wikkelboat.nl\/de\/\",\"logo\":{\"@type\":\"ImageObject\",\"inLanguage\":\"de\",\"@id\":\"https:\/\/wikkelboat.nl\/de\/#\/schema\/logo\/image\/\",\"url\":\"https:\/\/wikkelboat.nl\/wp-content\/uploads\/2022\/03\/Artwork5_4badc3a7-7068-424b-8249-f3f2cd4b696c.png\",\"contentUrl\":\"https:\/\/wikkelboat.nl\/wp-content\/uploads\/2022\/03\/Artwork5_4badc3a7-7068-424b-8249-f3f2cd4b696c.png\",\"width\":1358,\"height\":1131,\"caption\":\"Wikkelboat\"},\"image\":{\"@id\":\"https:\/\/wikkelboat.nl\/de\/#\/schema\/logo\/image\/\"},\"sameAs\":[\"https:\/\/www.facebook.com\/Wikkelboat\"]}]}<\/script>\n<!-- \/ Yoast SEO plugin. -->","yoast_head_json":{"title":"Regeln f\u00fcr den Wassersport | Wikkelboat","robots":{"index":"index","follow":"follow","max-snippet":"max-snippet:-1","max-image-preview":"max-image-preview:large","max-video-preview":"max-video-preview:-1"},"canonical":"https:\/\/wikkelboat.nl\/de\/regeln-fuer-den-wassersport\/","og_locale":"de_DE","og_type":"article","og_title":"Regeln f\u00fcr den Wassersport | Wikkelboat","og_description":"Wie cool, dass Sie das Rotterdamer Wasser auf einem unserer SUPs\/Kajaks\/Kanus\/Wasserfahrr\u00e4der erleben werden! Um den Spa\u00df und die Sicherheit f\u00fcr alle zu gew\u00e4hrleisten, bitten wir jeden Nutzer, die folgenden Regeln zu respektieren und ihnen ausdr\u00fccklich zuzustimmen: &#8211; Schauen Sie sich immer um &#8211; der Schiffsverkehr kann sich n\u00e4hern, und wenn Sie nicht aufpassen, kann es [&hellip;]","og_url":"https:\/\/wikkelboat.nl\/de\/regeln-fuer-den-wassersport\/","og_site_name":"Wikkelboat","article_publisher":"https:\/\/www.facebook.com\/Wikkelboat","article_modified_time":"2022-07-06T11:23:09+00:00","og_image":[{"url":"https:\/\/wikkelboat.nl\/wp-content\/uploads\/2022\/06\/Kaart-Vaargebied-waterrcreatie-1024x808.jpg","type":"","width":"","height":""}],"twitter_card":"summary_large_image","twitter_misc":{"Gesch\u00e4tzte Lesezeit":"1\u00a0Minute"},"schema":{"@context":"https:\/\/schema.org","@graph":[{"@type":"WebPage","@id":"https:\/\/wikkelboat.nl\/de\/regeln-fuer-den-wassersport\/","url":"https:\/\/wikkelboat.nl\/de\/regeln-fuer-den-wassersport\/","name":"Regeln f\u00fcr den Wassersport | Wikkelboat","isPartOf":{"@id":"https:\/\/wikkelboat.nl\/de\/#website"},"primaryImageOfPage":{"@id":"https:\/\/wikkelboat.nl\/de\/regeln-fuer-den-wassersport\/#primaryimage"},"image":{"@id":"https:\/\/wikkelboat.nl\/de\/regeln-fuer-den-wassersport\/#primaryimage"},"thumbnailUrl":"https:\/\/wikkelboat.nl\/wp-content\/uploads\/2022\/06\/Kaart-Vaargebied-waterrcreatie-1024x808.jpg","datePublished":"2022-06-11T13:31:51+00:00","dateModified":"2022-07-06T11:23:09+00:00","breadcrumb":{"@id":"https:\/\/wikkelboat.nl\/de\/regeln-fuer-den-wassersport\/#breadcrumb"},"inLanguage":"de","potentialAction":[{"@type":"ReadAction","target":["https:\/\/wikkelboat.nl\/de\/regeln-fuer-den-wassersport\/"]}]},{"@type":"ImageObject","inLanguage":"de","@id":"https:\/\/wikkelboat.nl\/de\/regeln-fuer-den-wassersport\/#primaryimage","url":"https:\/\/wikkelboat.nl\/wp-content\/uploads\/2022\/06\/Kaart-Vaargebied-waterrcreatie-1024x808.jpg","contentUrl":"https:\/\/wikkelboat.nl\/wp-content\/uploads\/2022\/06\/Kaart-Vaargebied-waterrcreatie-1024x808.jpg"},{"@type":"BreadcrumbList","@id":"https:\/\/wikkelboat.nl\/de\/regeln-fuer-den-wassersport\/#breadcrumb","itemListElement":[{"@type":"ListItem","position":1,"name":"Home","item":"https:\/\/wikkelboat.nl\/de\/home\/"},{"@type":"ListItem","position":2,"name":"Regeln f\u00fcr den Wassersport"}]},{"@type":"WebSite","@id":"https:\/\/wikkelboat.nl\/de\/#website","url":"https:\/\/wikkelboat.nl\/de\/","name":"Wikkelboat","description":"Uniek verblijf in een tiny house boot op het water","publisher":{"@id":"https:\/\/wikkelboat.nl\/de\/#organization"},"potentialAction":[{"@type":"SearchAction","target":{"@type":"EntryPoint","urlTemplate":"https:\/\/wikkelboat.nl\/de\/?s={search_term_string}"},"query-input":{"@type":"PropertyValueSpecification","valueRequired":true,"valueName":"search_term_string"}}],"inLanguage":"de"},{"@type":"Organization","@id":"https:\/\/wikkelboat.nl\/de\/#organization","name":"Wikkelboat","url":"https:\/\/wikkelboat.nl\/de\/","logo":{"@type":"ImageObject","inLanguage":"de","@id":"https:\/\/wikkelboat.nl\/de\/#\/schema\/logo\/image\/","url":"https:\/\/wikkelboat.nl\/wp-content\/uploads\/2022\/03\/Artwork5_4badc3a7-7068-424b-8249-f3f2cd4b696c.png","contentUrl":"https:\/\/wikkelboat.nl\/wp-content\/uploads\/2022\/03\/Artwork5_4badc3a7-7068-424b-8249-f3f2cd4b696c.png","width":1358,"height":1131,"caption":"Wikkelboat"},"image":{"@id":"https:\/\/wikkelboat.nl\/de\/#\/schema\/logo\/image\/"},"sameAs":["https:\/\/www.facebook.com\/Wikkelboat"]}]}},"_links":{"self":[{"href":"https:\/\/wikkelboat.nl\/de\/wp-json\/wp\/v2\/pages\/2120","targetHints":{"allow":["GET"]}}],"collection":[{"href":"https:\/\/wikkelboat.nl\/de\/wp-json\/wp\/v2\/pages"}],"about":[{"href":"https:\/\/wikkelboat.nl\/de\/wp-json\/wp\/v2\/types\/page"}],"author":[{"embeddable":true,"href":"https:\/\/wikkelboat.nl\/de\/wp-json\/wp\/v2\/users\/3"}],"replies":[{"embeddable":true,"href":"https:\/\/wikkelboat.nl\/de\/wp-json\/wp\/v2\/comments?post=2120"}],"version-history":[{"count":1,"href":"https:\/\/wikkelboat.nl\/de\/wp-json\/wp\/v2\/pages\/2120\/revisions"}],"predecessor-version":[{"id":2122,"href":"https:\/\/wikkelboat.nl\/de\/wp-json\/wp\/v2\/pages\/2120\/revisions\/2122"}],"wp:attachment":[{"href":"https:\/\/wikkelboat.nl\/de\/wp-json\/wp\/v2\/media?parent=2120"}],"curies":[{"name":"wp","href":"https:\/\/api.w.org\/{rel}","templated":true}]}}