{"id":1687,"date":"2022-05-09T11:33:41","date_gmt":"2022-05-09T11:33:41","guid":{"rendered":"https:\/\/wikkelboat.nl\/cheque-cadeau-wikkelboat\/"},"modified":"2022-05-21T23:02:47","modified_gmt":"2022-05-21T23:02:47","slug":"cheque-cadeau-wikkelboat","status":"publish","type":"page","link":"https:\/\/wikkelboat.nl\/fr\/cheque-cadeau-wikkelboat\/","title":{"rendered":"Ch\u00e8que Cadeau Wikkelboat"},"content":{"rendered":"\t\t<div data-elementor-type=\"wp-page\" data-elementor-id=\"1687\" class=\"elementor elementor-1687 elementor-905\" data-elementor-post-type=\"page\">\n\t\t\t\t\t\t<section class=\"elementor-section elementor-top-section elementor-element elementor-element-d79adcc elementor-section-height-min-height elementor-section-items-stretch elementor-section-content-middle elementor-section-boxed elementor-section-height-default\" data-id=\"d79adcc\" data-element_type=\"section\" data-settings=\"{&quot;background_background&quot;:&quot;classic&quot;}\">\n\t\t\t\t\t\t\t<div class=\"elementor-background-overlay\"><\/div>\n\t\t\t\t\t\t\t<div class=\"elementor-container elementor-column-gap-no\">\n\t\t\t\t\t<div class=\"elementor-column elementor-col-50 elementor-top-column elementor-element elementor-element-457f073c\" data-id=\"457f073c\" data-element_type=\"column\">\n\t\t\t<div class=\"elementor-widget-wrap elementor-element-populated\">\n\t\t\t\t\t\t<div class=\"elementor-element elementor-element-8a4ad7f elementor-widget elementor-widget-image\" data-id=\"8a4ad7f\" data-element_type=\"widget\" data-widget_type=\"image.default\">\n\t\t\t\t<div class=\"elementor-widget-container\">\n\t\t\t\t\t\t\t\t\t\t\t\t\t\t\t<img fetchpriority=\"high\" decoding=\"async\" width=\"500\" height=\"500\" src=\"https:\/\/wikkelboat.nl\/wp-content\/uploads\/2022\/05\/wikkelboat-wave.png\" class=\"attachment-large size-large wp-image-1622\" alt=\"\" srcset=\"https:\/\/wikkelboat.nl\/wp-content\/uploads\/2022\/05\/wikkelboat-wave.png 500w, https:\/\/wikkelboat.nl\/wp-content\/uploads\/2022\/05\/wikkelboat-wave-300x300.png 300w, https:\/\/wikkelboat.nl\/wp-content\/uploads\/2022\/05\/wikkelboat-wave-150x150.png 150w\" sizes=\"(max-width: 500px) 100vw, 500px\" \/>\t\t\t\t\t\t\t\t\t\t\t\t\t\t\t<\/div>\n\t\t\t\t<\/div>\n\t\t\t\t<div class=\"elementor-element elementor-element-48573e8b elementor-invisible elementor-widget elementor-widget-heading\" data-id=\"48573e8b\" data-element_type=\"widget\" data-settings=\"{&quot;_animation&quot;:&quot;fadeIn&quot;}\" data-widget_type=\"heading.default\">\n\t\t\t\t<div class=\"elementor-widget-container\">\n\t\t\t\t\t<h1 class=\"elementor-heading-title elementor-size-default\">Offrez une nuit\u00e9e en cadeau !<\/h1>\t\t\t\t<\/div>\n\t\t\t\t<\/div>\n\t\t\t\t<div class=\"elementor-element elementor-element-7a1eb96 elementor-widget elementor-widget-text-editor\" data-id=\"7a1eb96\" data-element_type=\"widget\" data-widget_type=\"text-editor.default\">\n\t\t\t\t<div class=\"elementor-widget-container\">\n\t\t\t\t\t\t\t\t\t<p>Original, cosy &amp; surprenant<\/p>\t\t\t\t\t\t\t\t<\/div>\n\t\t\t\t<\/div>\n\t\t\t\t\t<\/div>\n\t\t<\/div>\n\t\t\t\t<div class=\"elementor-column elementor-col-50 elementor-top-column elementor-element elementor-element-52b33d84 elementor-hidden-mobile\" data-id=\"52b33d84\" data-element_type=\"column\">\n\t\t\t<div class=\"elementor-widget-wrap elementor-element-populated\">\n\t\t\t\t\t\t<div class=\"elementor-element elementor-element-68fd46c9 elementor-align-right elementor-fixed elementor-widget elementor-widget-button\" data-id=\"68fd46c9\" data-element_type=\"widget\" data-settings=\"{&quot;_position&quot;:&quot;fixed&quot;}\" data-widget_type=\"button.default\">\n\t\t\t\t<div class=\"elementor-widget-container\">\n\t\t\t\t\t\t\t\t\t<div class=\"elementor-button-wrapper\">\n\t\t\t\t\t<a class=\"elementor-button elementor-button-link elementor-size-sm\" href=\"#\">\n\t\t\t\t\t\t<span class=\"elementor-button-content-wrapper\">\n\t\t\t\t\t\t\t\t\t<span class=\"elementor-button-text\">R\u00e9servation instantan\u00e9e<\/span>\n\t\t\t\t\t<\/span>\n\t\t\t\t\t<\/a>\n\t\t\t\t<\/div>\n\t\t\t\t\t\t\t\t<\/div>\n\t\t\t\t<\/div>\n\t\t\t\t\t<\/div>\n\t\t<\/div>\n\t\t\t\t\t<\/div>\n\t\t<\/section>\n\t\t\t\t<section class=\"elementor-section elementor-top-section elementor-element elementor-element-24aa2f60 elementor-section-full_width elementor-section-height-default elementor-section-height-default\" data-id=\"24aa2f60\" data-element_type=\"section\">\n\t\t\t\t\t\t<div class=\"elementor-container elementor-column-gap-default\">\n\t\t\t\t\t<div class=\"elementor-column elementor-col-50 elementor-top-column elementor-element elementor-element-56455017\" data-id=\"56455017\" data-element_type=\"column\" data-settings=\"{&quot;background_background&quot;:&quot;classic&quot;}\">\n\t\t\t<div class=\"elementor-widget-wrap elementor-element-populated\">\n\t\t\t\t\t\t<div class=\"elementor-element elementor-element-7deb616 elementor-widget elementor-widget-heading\" data-id=\"7deb616\" data-element_type=\"widget\" data-widget_type=\"heading.default\">\n\t\t\t\t<div class=\"elementor-widget-container\">\n\t\t\t\t\t<h2 class=\"elementor-heading-title elementor-size-default\">Une nuit\u00e9e Wikkelboat en cadeau ?<\/h2>\t\t\t\t<\/div>\n\t\t\t\t<\/div>\n\t\t\t\t<div class=\"elementor-element elementor-element-36c8fc0 elementor-widget elementor-widget-text-editor\" data-id=\"36c8fc0\" data-element_type=\"widget\" data-widget_type=\"text-editor.default\">\n\t\t\t\t<div class=\"elementor-widget-container\">\n\t\t\t\t\t\t\t\t\t<div class=\"wpb_text_column wpb_content_element \"><div class=\"wpb_wrapper\"><p>Vous souhaitez offrir une nuit\u00e9e \u00e0 quelqu&rsquo;un ? Utilisez ensuite notre bon cadeau num\u00e9rique et contactez-nous pour g\u00e9n\u00e9rer un code de bon d&rsquo;un certain montant. La personne peut alors facilement r\u00e9server une nuit\u00e9e pour la date souhait\u00e9e via notre site internet !<\/p><\/div><\/div>\t\t\t\t\t\t\t\t<\/div>\n\t\t\t\t<\/div>\n\t\t\t\t<div class=\"elementor-element elementor-element-43e059c9 elementor-align-left elementor-widget elementor-widget-button\" data-id=\"43e059c9\" data-element_type=\"widget\" data-widget_type=\"button.default\">\n\t\t\t\t<div class=\"elementor-widget-container\">\n\t\t\t\t\t\t\t\t\t<div class=\"elementor-button-wrapper\">\n\t\t\t\t\t<a class=\"elementor-button elementor-button-link elementor-size-sm\" href=\"#elementor-action%3Aaction%3Dpopup%3Aopen%26settings%3DeyJpZCI6MTczMiwidG9nZ2xlIjpmYWxzZX0%3D\" target=\"_blank\">\n\t\t\t\t\t\t<span class=\"elementor-button-content-wrapper\">\n\t\t\t\t\t\t\t\t\t<span class=\"elementor-button-text\">Contacter<\/span>\n\t\t\t\t\t<\/span>\n\t\t\t\t\t<\/a>\n\t\t\t\t<\/div>\n\t\t\t\t\t\t\t\t<\/div>\n\t\t\t\t<\/div>\n\t\t\t\t<div class=\"elementor-element elementor-element-825f0ef elementor-align-left elementor-widget elementor-widget-button\" data-id=\"825f0ef\" data-element_type=\"widget\" data-widget_type=\"button.default\">\n\t\t\t\t<div class=\"elementor-widget-container\">\n\t\t\t\t\t\t\t\t\t<div class=\"elementor-button-wrapper\">\n\t\t\t\t\t<a class=\"elementor-button elementor-button-link elementor-size-sm\" href=\"https:\/\/wikkelboat.nl\/wp-content\/uploads\/2022\/05\/Wikkelboat-Cadeaubon-2.pdf\" target=\"_blank\">\n\t\t\t\t\t\t<span class=\"elementor-button-content-wrapper\">\n\t\t\t\t\t\t\t\t\t<span class=\"elementor-button-text\">Voir la carte-cadeau<\/span>\n\t\t\t\t\t<\/span>\n\t\t\t\t\t<\/a>\n\t\t\t\t<\/div>\n\t\t\t\t\t\t\t\t<\/div>\n\t\t\t\t<\/div>\n\t\t\t\t\t<\/div>\n\t\t<\/div>\n\t\t\t\t<div class=\"elementor-column elementor-col-50 elementor-top-column elementor-element elementor-element-6748a078\" data-id=\"6748a078\" data-element_type=\"column\" data-settings=\"{&quot;background_background&quot;:&quot;classic&quot;}\">\n\t\t\t<div class=\"elementor-widget-wrap elementor-element-populated\">\n\t\t\t\t\t\t<div class=\"elementor-element elementor-element-315316e3 elementor-widget elementor-widget-heading\" data-id=\"315316e3\" data-element_type=\"widget\" data-widget_type=\"heading.default\">\n\t\t\t\t<div class=\"elementor-widget-container\">\n\t\t\t\t\t<h2 class=\"elementor-heading-title elementor-size-default\">Comment fonctionnent les tarifs ?<\/h2>\t\t\t\t<\/div>\n\t\t\t\t<\/div>\n\t\t\t\t<div class=\"elementor-element elementor-element-6e179567 elementor-widget elementor-widget-text-editor\" data-id=\"6e179567\" data-element_type=\"widget\" data-widget_type=\"text-editor.default\">\n\t\t\t\t<div class=\"elementor-widget-container\">\n\t\t\t\t\t\t\t\t\t<p>Nous travaillons avec des tarifs flexibles, donc certains jours peuvent \u00eatre plus chers que d&rsquo;autres. De plus, cela d\u00e9pend aussi du bateau choisi et de l&#8217;emplacement. Habituellement (hors p\u00e9riodes de vacances et \u00e9v\u00e9nements) il est possible de r\u00e9server un Wikkelboat en semaine pour 200\u20ac et le week-end pour 350\u20ac (base 2 personnes, versions sans jacuzzi, avec jacuzzi environ 50\u20ac plus cher). Tout cr\u00e9dit restant peut \u00eatre d\u00e9pens\u00e9 pour des services suppl\u00e9mentaires tels que p\u00e9dalos, navigation de plaisance, petit-d\u00e9jeuner, champagne et p\u00e9tales de rose au lit, etc. Veuillez nous contacter afin que nous puissions organiser cela.<\/p>\t\t\t\t\t\t\t\t<\/div>\n\t\t\t\t<\/div>\n\t\t\t\t<div class=\"elementor-element elementor-element-5888544e elementor-align-left elementor-widget elementor-widget-button\" data-id=\"5888544e\" data-element_type=\"widget\" data-widget_type=\"button.default\">\n\t\t\t\t<div class=\"elementor-widget-container\">\n\t\t\t\t\t\t\t\t\t<div class=\"elementor-button-wrapper\">\n\t\t\t\t\t<a class=\"elementor-button elementor-button-link elementor-size-sm\" href=\"https:\/\/wikkelboat.nl\/faq\/\" target=\"_blank\">\n\t\t\t\t\t\t<span class=\"elementor-button-content-wrapper\">\n\t\t\t\t\t\t\t\t\t<span class=\"elementor-button-text\">Foire aux questions (FAQ)<\/span>\n\t\t\t\t\t<\/span>\n\t\t\t\t\t<\/a>\n\t\t\t\t<\/div>\n\t\t\t\t\t\t\t\t<\/div>\n\t\t\t\t<\/div>\n\t\t\t\t\t<\/div>\n\t\t<\/div>\n\t\t\t\t\t<\/div>\n\t\t<\/section>\n\t\t\t\t<\/div>\n\t\t","protected":false},"excerpt":{"rendered":"<p>Offrez une nuit\u00e9e en cadeau ! Original, cosy &amp; surprenant R\u00e9servation instantan\u00e9e Une nuit\u00e9e Wikkelboat en cadeau ? Vous souhaitez offrir une nuit\u00e9e \u00e0 quelqu&rsquo;un ? Utilisez ensuite notre bon cadeau num\u00e9rique et contactez-nous pour g\u00e9n\u00e9rer un code de bon d&rsquo;un certain montant. La personne peut alors facilement r\u00e9server une nuit\u00e9e pour la date souhait\u00e9e [&hellip;]<\/p>\n","protected":false},"author":1,"featured_media":0,"parent":0,"menu_order":0,"comment_status":"closed","ping_status":"closed","template":"elementor_header_footer","meta":{"footnotes":""},"class_list":["post-1687","page","type-page","status-publish","hentry"],"yoast_head":"<!-- This site is optimized with the Yoast SEO plugin v26.3 - https:\/\/yoast.com\/wordpress\/plugins\/seo\/ -->\n<title>Ch\u00e8que Cadeau Wikkelboat | Wikkelboat<\/title>\n<meta name=\"robots\" content=\"index, follow, max-snippet:-1, max-image-preview:large, max-video-preview:-1\" \/>\n<link rel=\"canonical\" href=\"https:\/\/wikkelboat.nl\/fr\/cheque-cadeau-wikkelboat\/\" \/>\n<meta property=\"og:locale\" content=\"fr_FR\" \/>\n<meta property=\"og:type\" content=\"article\" \/>\n<meta property=\"og:title\" content=\"Ch\u00e8que Cadeau Wikkelboat | Wikkelboat\" \/>\n<meta property=\"og:description\" content=\"Offrez une nuit\u00e9e en cadeau ! Original, cosy &amp; surprenant R\u00e9servation instantan\u00e9e Une nuit\u00e9e Wikkelboat en cadeau ? Vous souhaitez offrir une nuit\u00e9e \u00e0 quelqu&rsquo;un ? Utilisez ensuite notre bon cadeau num\u00e9rique et contactez-nous pour g\u00e9n\u00e9rer un code de bon d&rsquo;un certain montant. La personne peut alors facilement r\u00e9server une nuit\u00e9e pour la date souhait\u00e9e [&hellip;]\" \/>\n<meta property=\"og:url\" content=\"https:\/\/wikkelboat.nl\/fr\/cheque-cadeau-wikkelboat\/\" \/>\n<meta property=\"og:site_name\" content=\"Wikkelboat\" \/>\n<meta property=\"article:publisher\" content=\"https:\/\/www.facebook.com\/Wikkelboat\" \/>\n<meta property=\"article:modified_time\" content=\"2022-05-21T23:02:47+00:00\" \/>\n<meta property=\"og:image\" content=\"https:\/\/wikkelboat.nl\/wp-content\/uploads\/2022\/05\/wikkelboat-wave.png\" \/>\n<meta name=\"twitter:card\" content=\"summary_large_image\" \/>\n<meta name=\"twitter:label1\" content=\"Dur\u00e9e de lecture estim\u00e9e\" \/>\n\t<meta name=\"twitter:data1\" content=\"1 minute\" \/>\n<script type=\"application\/ld+json\" class=\"yoast-schema-graph\">{\"@context\":\"https:\/\/schema.org\",\"@graph\":[{\"@type\":\"WebPage\",\"@id\":\"https:\/\/wikkelboat.nl\/fr\/cheque-cadeau-wikkelboat\/\",\"url\":\"https:\/\/wikkelboat.nl\/fr\/cheque-cadeau-wikkelboat\/\",\"name\":\"Ch\u00e8que Cadeau Wikkelboat | Wikkelboat\",\"isPartOf\":{\"@id\":\"https:\/\/wikkelboat.nl\/fr\/#website\"},\"primaryImageOfPage\":{\"@id\":\"https:\/\/wikkelboat.nl\/fr\/cheque-cadeau-wikkelboat\/#primaryimage\"},\"image\":{\"@id\":\"https:\/\/wikkelboat.nl\/fr\/cheque-cadeau-wikkelboat\/#primaryimage\"},\"thumbnailUrl\":\"https:\/\/wikkelboat.nl\/wp-content\/uploads\/2022\/05\/wikkelboat-wave.png\",\"datePublished\":\"2022-05-09T11:33:41+00:00\",\"dateModified\":\"2022-05-21T23:02:47+00:00\",\"breadcrumb\":{\"@id\":\"https:\/\/wikkelboat.nl\/fr\/cheque-cadeau-wikkelboat\/#breadcrumb\"},\"inLanguage\":\"fr-FR\",\"potentialAction\":[{\"@type\":\"ReadAction\",\"target\":[\"https:\/\/wikkelboat.nl\/fr\/cheque-cadeau-wikkelboat\/\"]}]},{\"@type\":\"ImageObject\",\"inLanguage\":\"fr-FR\",\"@id\":\"https:\/\/wikkelboat.nl\/fr\/cheque-cadeau-wikkelboat\/#primaryimage\",\"url\":\"https:\/\/wikkelboat.nl\/wp-content\/uploads\/2022\/05\/wikkelboat-wave.png\",\"contentUrl\":\"https:\/\/wikkelboat.nl\/wp-content\/uploads\/2022\/05\/wikkelboat-wave.png\"},{\"@type\":\"BreadcrumbList\",\"@id\":\"https:\/\/wikkelboat.nl\/fr\/cheque-cadeau-wikkelboat\/#breadcrumb\",\"itemListElement\":[{\"@type\":\"ListItem\",\"position\":1,\"name\":\"Home\",\"item\":\"https:\/\/wikkelboat.nl\/fr\/home\/\"},{\"@type\":\"ListItem\",\"position\":2,\"name\":\"Ch\u00e8que Cadeau Wikkelboat\"}]},{\"@type\":\"WebSite\",\"@id\":\"https:\/\/wikkelboat.nl\/fr\/#website\",\"url\":\"https:\/\/wikkelboat.nl\/fr\/\",\"name\":\"Wikkelboat\",\"description\":\"Uniek verblijf in een tiny house boot op het water\",\"publisher\":{\"@id\":\"https:\/\/wikkelboat.nl\/fr\/#organization\"},\"potentialAction\":[{\"@type\":\"SearchAction\",\"target\":{\"@type\":\"EntryPoint\",\"urlTemplate\":\"https:\/\/wikkelboat.nl\/fr\/?s={search_term_string}\"},\"query-input\":{\"@type\":\"PropertyValueSpecification\",\"valueRequired\":true,\"valueName\":\"search_term_string\"}}],\"inLanguage\":\"fr-FR\"},{\"@type\":\"Organization\",\"@id\":\"https:\/\/wikkelboat.nl\/fr\/#organization\",\"name\":\"Wikkelboat\",\"url\":\"https:\/\/wikkelboat.nl\/fr\/\",\"logo\":{\"@type\":\"ImageObject\",\"inLanguage\":\"fr-FR\",\"@id\":\"https:\/\/wikkelboat.nl\/fr\/#\/schema\/logo\/image\/\",\"url\":\"https:\/\/wikkelboat.nl\/wp-content\/uploads\/2022\/03\/Artwork5_4badc3a7-7068-424b-8249-f3f2cd4b696c.png\",\"contentUrl\":\"https:\/\/wikkelboat.nl\/wp-content\/uploads\/2022\/03\/Artwork5_4badc3a7-7068-424b-8249-f3f2cd4b696c.png\",\"width\":1358,\"height\":1131,\"caption\":\"Wikkelboat\"},\"image\":{\"@id\":\"https:\/\/wikkelboat.nl\/fr\/#\/schema\/logo\/image\/\"},\"sameAs\":[\"https:\/\/www.facebook.com\/Wikkelboat\"]}]}<\/script>\n<!-- \/ Yoast SEO plugin. -->","yoast_head_json":{"title":"Ch\u00e8que Cadeau Wikkelboat | Wikkelboat","robots":{"index":"index","follow":"follow","max-snippet":"max-snippet:-1","max-image-preview":"max-image-preview:large","max-video-preview":"max-video-preview:-1"},"canonical":"https:\/\/wikkelboat.nl\/fr\/cheque-cadeau-wikkelboat\/","og_locale":"fr_FR","og_type":"article","og_title":"Ch\u00e8que Cadeau Wikkelboat | Wikkelboat","og_description":"Offrez une nuit\u00e9e en cadeau ! Original, cosy &amp; surprenant R\u00e9servation instantan\u00e9e Une nuit\u00e9e Wikkelboat en cadeau ? Vous souhaitez offrir une nuit\u00e9e \u00e0 quelqu&rsquo;un ? Utilisez ensuite notre bon cadeau num\u00e9rique et contactez-nous pour g\u00e9n\u00e9rer un code de bon d&rsquo;un certain montant. La personne peut alors facilement r\u00e9server une nuit\u00e9e pour la date souhait\u00e9e [&hellip;]","og_url":"https:\/\/wikkelboat.nl\/fr\/cheque-cadeau-wikkelboat\/","og_site_name":"Wikkelboat","article_publisher":"https:\/\/www.facebook.com\/Wikkelboat","article_modified_time":"2022-05-21T23:02:47+00:00","og_image":[{"url":"https:\/\/wikkelboat.nl\/wp-content\/uploads\/2022\/05\/wikkelboat-wave.png","type":"","width":"","height":""}],"twitter_card":"summary_large_image","twitter_misc":{"Dur\u00e9e de lecture estim\u00e9e":"1 minute"},"schema":{"@context":"https:\/\/schema.org","@graph":[{"@type":"WebPage","@id":"https:\/\/wikkelboat.nl\/fr\/cheque-cadeau-wikkelboat\/","url":"https:\/\/wikkelboat.nl\/fr\/cheque-cadeau-wikkelboat\/","name":"Ch\u00e8que Cadeau Wikkelboat | Wikkelboat","isPartOf":{"@id":"https:\/\/wikkelboat.nl\/fr\/#website"},"primaryImageOfPage":{"@id":"https:\/\/wikkelboat.nl\/fr\/cheque-cadeau-wikkelboat\/#primaryimage"},"image":{"@id":"https:\/\/wikkelboat.nl\/fr\/cheque-cadeau-wikkelboat\/#primaryimage"},"thumbnailUrl":"https:\/\/wikkelboat.nl\/wp-content\/uploads\/2022\/05\/wikkelboat-wave.png","datePublished":"2022-05-09T11:33:41+00:00","dateModified":"2022-05-21T23:02:47+00:00","breadcrumb":{"@id":"https:\/\/wikkelboat.nl\/fr\/cheque-cadeau-wikkelboat\/#breadcrumb"},"inLanguage":"fr-FR","potentialAction":[{"@type":"ReadAction","target":["https:\/\/wikkelboat.nl\/fr\/cheque-cadeau-wikkelboat\/"]}]},{"@type":"ImageObject","inLanguage":"fr-FR","@id":"https:\/\/wikkelboat.nl\/fr\/cheque-cadeau-wikkelboat\/#primaryimage","url":"https:\/\/wikkelboat.nl\/wp-content\/uploads\/2022\/05\/wikkelboat-wave.png","contentUrl":"https:\/\/wikkelboat.nl\/wp-content\/uploads\/2022\/05\/wikkelboat-wave.png"},{"@type":"BreadcrumbList","@id":"https:\/\/wikkelboat.nl\/fr\/cheque-cadeau-wikkelboat\/#breadcrumb","itemListElement":[{"@type":"ListItem","position":1,"name":"Home","item":"https:\/\/wikkelboat.nl\/fr\/home\/"},{"@type":"ListItem","position":2,"name":"Ch\u00e8que Cadeau Wikkelboat"}]},{"@type":"WebSite","@id":"https:\/\/wikkelboat.nl\/fr\/#website","url":"https:\/\/wikkelboat.nl\/fr\/","name":"Wikkelboat","description":"Uniek verblijf in een tiny house boot op het water","publisher":{"@id":"https:\/\/wikkelboat.nl\/fr\/#organization"},"potentialAction":[{"@type":"SearchAction","target":{"@type":"EntryPoint","urlTemplate":"https:\/\/wikkelboat.nl\/fr\/?s={search_term_string}"},"query-input":{"@type":"PropertyValueSpecification","valueRequired":true,"valueName":"search_term_string"}}],"inLanguage":"fr-FR"},{"@type":"Organization","@id":"https:\/\/wikkelboat.nl\/fr\/#organization","name":"Wikkelboat","url":"https:\/\/wikkelboat.nl\/fr\/","logo":{"@type":"ImageObject","inLanguage":"fr-FR","@id":"https:\/\/wikkelboat.nl\/fr\/#\/schema\/logo\/image\/","url":"https:\/\/wikkelboat.nl\/wp-content\/uploads\/2022\/03\/Artwork5_4badc3a7-7068-424b-8249-f3f2cd4b696c.png","contentUrl":"https:\/\/wikkelboat.nl\/wp-content\/uploads\/2022\/03\/Artwork5_4badc3a7-7068-424b-8249-f3f2cd4b696c.png","width":1358,"height":1131,"caption":"Wikkelboat"},"image":{"@id":"https:\/\/wikkelboat.nl\/fr\/#\/schema\/logo\/image\/"},"sameAs":["https:\/\/www.facebook.com\/Wikkelboat"]}]}},"_links":{"self":[{"href":"https:\/\/wikkelboat.nl\/fr\/wp-json\/wp\/v2\/pages\/1687","targetHints":{"allow":["GET"]}}],"collection":[{"href":"https:\/\/wikkelboat.nl\/fr\/wp-json\/wp\/v2\/pages"}],"about":[{"href":"https:\/\/wikkelboat.nl\/fr\/wp-json\/wp\/v2\/types\/page"}],"author":[{"embeddable":true,"href":"https:\/\/wikkelboat.nl\/fr\/wp-json\/wp\/v2\/users\/1"}],"replies":[{"embeddable":true,"href":"https:\/\/wikkelboat.nl\/fr\/wp-json\/wp\/v2\/comments?post=1687"}],"version-history":[{"count":1,"href":"https:\/\/wikkelboat.nl\/fr\/wp-json\/wp\/v2\/pages\/1687\/revisions"}],"predecessor-version":[{"id":1695,"href":"https:\/\/wikkelboat.nl\/fr\/wp-json\/wp\/v2\/pages\/1687\/revisions\/1695"}],"wp:attachment":[{"href":"https:\/\/wikkelboat.nl\/fr\/wp-json\/wp\/v2\/media?parent=1687"}],"curies":[{"name":"wp","href":"https:\/\/api.w.org\/{rel}","templated":true}]}}