{"id":1710,"date":"2022-04-08T08:48:05","date_gmt":"2022-04-08T08:48:05","guid":{"rendered":"https:\/\/wikkelboat.nl\/rotterdam\/"},"modified":"2026-02-02T16:44:10","modified_gmt":"2026-02-02T16:44:10","slug":"rotterdam","status":"publish","type":"page","link":"https:\/\/wikkelboat.nl\/fr\/rotterdam\/","title":{"rendered":"Rotterdam"},"content":{"rendered":"\t\t<div data-elementor-type=\"wp-page\" data-elementor-id=\"1710\" class=\"elementor elementor-1710 elementor-193\" data-elementor-post-type=\"page\">\n\t\t\t\t\t\t<section class=\"elementor-section elementor-top-section elementor-element elementor-element-17bcc424 elementor-section-height-min-height elementor-section-items-stretch elementor-section-content-middle elementor-section-boxed elementor-section-height-default\" data-id=\"17bcc424\" data-element_type=\"section\" data-settings=\"{&quot;background_background&quot;:&quot;video&quot;,&quot;background_video_link&quot;:&quot;https:\\\/\\\/youtu.be\\\/qPVdSMo-uo4&quot;,&quot;background_video_start&quot;:14,&quot;background_play_on_mobile&quot;:&quot;yes&quot;,&quot;background_privacy_mode&quot;:&quot;yes&quot;,&quot;background_video_end&quot;:79,&quot;shape_divider_bottom&quot;:&quot;waves&quot;}\">\n\t\t\t\t\t\t\t\t<div class=\"elementor-background-video-container\" aria-hidden=\"true\">\n\t\t\t\t\t\t\t\t\t\t\t\t\t<div class=\"elementor-background-video-embed\"><\/div>\n\t\t\t\t\t\t\t\t\t\t\t\t<\/div>\n\t\t\t\t\t\t\t\t\t<div class=\"elementor-background-overlay\"><\/div>\n\t\t\t\t\t\t<div class=\"elementor-shape elementor-shape-bottom\" aria-hidden=\"true\" data-negative=\"false\">\n\t\t\t<svg xmlns=\"http:\/\/www.w3.org\/2000\/svg\" viewBox=\"0 0 1000 100\" preserveAspectRatio=\"none\">\n\t<path class=\"elementor-shape-fill\" d=\"M421.9,6.5c22.6-2.5,51.5,0.4,75.5,5.3c23.6,4.9,70.9,23.5,100.5,35.7c75.8,32.2,133.7,44.5,192.6,49.7\n\tc23.6,2.1,48.7,3.5,103.4-2.5c54.7-6,106.2-25.6,106.2-25.6V0H0v30.3c0,0,72,32.6,158.4,30.5c39.2-0.7,92.8-6.7,134-22.4\n\tc21.2-8.1,52.2-18.2,79.7-24.2C399.3,7.9,411.6,7.5,421.9,6.5z\"\/>\n<\/svg>\t\t<\/div>\n\t\t\t\t\t<div class=\"elementor-container elementor-column-gap-no\">\n\t\t\t\t\t<div class=\"elementor-column elementor-col-50 elementor-top-column elementor-element elementor-element-69158e27\" data-id=\"69158e27\" data-element_type=\"column\">\n\t\t\t<div class=\"elementor-widget-wrap elementor-element-populated\">\n\t\t\t\t\t\t<div class=\"elementor-element elementor-element-6cb012a8 elementor-invisible elementor-widget elementor-widget-heading\" data-id=\"6cb012a8\" data-element_type=\"widget\" data-settings=\"{&quot;_animation&quot;:&quot;fadeIn&quot;}\" data-widget_type=\"heading.default\">\n\t\t\t\t<div class=\"elementor-widget-container\">\n\t\t\t\t\t<h1 class=\"elementor-heading-title elementor-size-default\">Wikkelboats Rotterdam<\/h1>\t\t\t\t<\/div>\n\t\t\t\t<\/div>\n\t\t\t\t<div class=\"elementor-element elementor-element-d01eef0 elementor-widget elementor-widget-text-editor\" data-id=\"d01eef0\" data-element_type=\"widget\" data-widget_type=\"text-editor.default\">\n\t\t\t\t<div class=\"elementor-widget-container\">\n\t\t\t\t\t\t\t\t\t<p>Wikkelboats dans la Ville du Maas<\/p>\t\t\t\t\t\t\t\t<\/div>\n\t\t\t\t<\/div>\n\t\t\t\t<section class=\"elementor-section elementor-inner-section elementor-element elementor-element-63f1b809 elementor-section-boxed elementor-section-height-default elementor-section-height-default\" data-id=\"63f1b809\" data-element_type=\"section\">\n\t\t\t\t\t\t<div class=\"elementor-container elementor-column-gap-no\">\n\t\t\t\t\t<div class=\"elementor-column elementor-col-100 elementor-inner-column elementor-element elementor-element-1e57a5d6\" data-id=\"1e57a5d6\" data-element_type=\"column\">\n\t\t\t<div class=\"elementor-widget-wrap elementor-element-populated\">\n\t\t\t\t\t\t<div class=\"elementor-element elementor-element-e5c4ea1 elementor-view-default elementor-widget elementor-widget-icon\" data-id=\"e5c4ea1\" data-element_type=\"widget\" data-widget_type=\"icon.default\">\n\t\t\t\t<div class=\"elementor-widget-container\">\n\t\t\t\t\t\t\t<div class=\"elementor-icon-wrapper\">\n\t\t\t<a class=\"elementor-icon\" href=\"#locaties\">\n\t\t\t<i aria-hidden=\"true\" class=\"fas fa-chevron-down\"><\/i>\t\t\t<\/a>\n\t\t<\/div>\n\t\t\t\t\t\t<\/div>\n\t\t\t\t<\/div>\n\t\t\t\t\t<\/div>\n\t\t<\/div>\n\t\t\t\t\t<\/div>\n\t\t<\/section>\n\t\t\t\t\t<\/div>\n\t\t<\/div>\n\t\t\t\t<div class=\"elementor-column elementor-col-50 elementor-top-column elementor-element elementor-element-5a6e3bd6\" data-id=\"5a6e3bd6\" data-element_type=\"column\">\n\t\t\t<div class=\"elementor-widget-wrap\">\n\t\t\t\t\t\t\t<\/div>\n\t\t<\/div>\n\t\t\t\t\t<\/div>\n\t\t<\/section>\n\t\t\t\t<section class=\"elementor-section elementor-top-section elementor-element elementor-element-ab3ef96 elementor-section-height-min-height elementor-section-boxed elementor-section-height-default elementor-section-items-middle\" data-id=\"ab3ef96\" data-element_type=\"section\" id=\"locaties\">\n\t\t\t\t\t\t<div class=\"elementor-container elementor-column-gap-default\">\n\t\t\t\t\t<div class=\"elementor-column elementor-col-100 elementor-top-column elementor-element elementor-element-dc6904d\" data-id=\"dc6904d\" data-element_type=\"column\">\n\t\t\t<div class=\"elementor-widget-wrap elementor-element-populated\">\n\t\t\t\t\t\t<div class=\"elementor-element elementor-element-67a712c elementor-widget elementor-widget-image\" data-id=\"67a712c\" data-element_type=\"widget\" data-widget_type=\"image.default\">\n\t\t\t\t<div class=\"elementor-widget-container\">\n\t\t\t\t\t\t\t\t\t\t\t\t\t\t\t<img fetchpriority=\"high\" decoding=\"async\" width=\"500\" height=\"500\" src=\"https:\/\/wikkelboat.nl\/wp-content\/uploads\/2022\/05\/wikkelboat-wave.png\" class=\"attachment-large size-large wp-image-1622\" alt=\"\" srcset=\"https:\/\/wikkelboat.nl\/wp-content\/uploads\/2022\/05\/wikkelboat-wave.png 500w, https:\/\/wikkelboat.nl\/wp-content\/uploads\/2022\/05\/wikkelboat-wave-300x300.png 300w, https:\/\/wikkelboat.nl\/wp-content\/uploads\/2022\/05\/wikkelboat-wave-150x150.png 150w\" sizes=\"(max-width: 500px) 100vw, 500px\" \/>\t\t\t\t\t\t\t\t\t\t\t\t\t\t\t<\/div>\n\t\t\t\t<\/div>\n\t\t\t\t<div class=\"elementor-element elementor-element-e13bfdb elementor-widget elementor-widget-heading\" data-id=\"e13bfdb\" data-element_type=\"widget\" data-widget_type=\"heading.default\">\n\t\t\t\t<div class=\"elementor-widget-container\">\n\t\t\t\t\t<h2 class=\"elementor-heading-title elementor-size-default\">Agences \u00e0 Rotterdam<\/h2>\t\t\t\t<\/div>\n\t\t\t\t<\/div>\n\t\t\t\t<div class=\"elementor-element elementor-element-e692c4c elementor-widget elementor-widget-text-editor\" data-id=\"e692c4c\" data-element_type=\"widget\" data-widget_type=\"text-editor.default\">\n\t\t\t\t<div class=\"elementor-widget-container\">\n\t\t\t\t\t\t\t\t\t<p>\u00c0 Rotterdam, nous disposons de Wikkelboats \u00e0 plusieurs endroits uniques de la ville. Vous souhaitez en savoir plus sur les diff\u00e9rents Wikkelboats et les \u00e9quipements disponibles ? Voir les options par emplacement ci-dessous.<\/p>\t\t\t\t\t\t\t\t<\/div>\n\t\t\t\t<\/div>\n\t\t<div class=\"elementor-element elementor-element-634a1de e-con-full e-flex e-con e-parent\" data-id=\"634a1de\" data-element_type=\"container\">\n\t\t<div class=\"elementor-element elementor-element-b238c30 e-con-full e-flex e-con e-child\" data-id=\"b238c30\" data-element_type=\"container\">\n\t\t\t\t<div class=\"elementor-element elementor-element-8f966ab elementor-flip-box--effect-fade elementor-widget elementor-widget-flip-box\" data-id=\"8f966ab\" data-element_type=\"widget\" data-widget_type=\"flip-box.default\">\n\t\t\t\t<div class=\"elementor-widget-container\">\n\t\t\t\t\t\t\t<div class=\"elementor-flip-box\" tabindex=\"0\">\n\t\t\t<div class=\"elementor-flip-box__layer elementor-flip-box__front\">\n\t\t\t\t<div class=\"elementor-flip-box__layer__overlay\">\n\t\t\t\t\t<div class=\"elementor-flip-box__layer__inner\">\n\t\t\t\t\t\t\t\t\t\t\t\t\t<div class=\"elementor-flip-box__image\">\n\t\t\t\t\t\t\t\t<img decoding=\"async\" width=\"150\" height=\"150\" src=\"https:\/\/wikkelboat.nl\/wp-content\/uploads\/2022\/05\/wikkelboat-wave-150x150.png\" class=\"attachment-thumbnail size-thumbnail wp-image-808\" alt=\"\" srcset=\"https:\/\/wikkelboat.nl\/wp-content\/uploads\/2022\/05\/wikkelboat-wave-150x150.png 150w, https:\/\/wikkelboat.nl\/wp-content\/uploads\/2022\/05\/wikkelboat-wave-300x300.png 300w, https:\/\/wikkelboat.nl\/wp-content\/uploads\/2022\/05\/wikkelboat-wave.png 500w\" sizes=\"(max-width: 150px) 100vw, 150px\" \/>\t\t\t\t\t\t\t<\/div>\n\t\t\t\t\t\t\n\t\t\t\t\t\t\t\t\t\t\t\t\t<h3 class=\"elementor-flip-box__layer__title\">\n\t\t\t\t\t\t\t\tWijnhaven\t\t\t\t\t\t\t<\/h3>\n\t\t\t\t\t\t\n\t\t\t\t\t\t\t\t\t\t\t<\/div>\n\t\t\t\t<\/div>\n\t\t\t<\/div>\n\t\t\t<a class=\"elementor-flip-box__layer elementor-flip-box__back\" href=\"https:\/\/wikkelboat.nl\/rotterdam\/wijnhaven\/\">\n\t\t\t<div class=\"elementor-flip-box__layer__overlay\">\n\t\t\t\t<div class=\"elementor-flip-box__layer__inner\">\n\t\t\t\t\t\t\t\t\t\t\t<h3 class=\"elementor-flip-box__layer__title\">\n\t\t\t\t\t\t\tWijnhaven de Wikkelboat\t\t\t\t\t\t<\/h3>\n\t\t\t\t\t\n\t\t\t\t\t\n\t\t\t\t\t\t\t\t\t\t\t<span class=\"elementor-flip-box__button elementor-button elementor-size-md\">\n\t\t\t\t\t\t\tVoir plus\t\t\t\t\t\t<\/span>\n\t\t\t\t\t\t\t\t<\/div>\n\t\t<\/div>\n\t\t<\/a>\n\t\t<\/div>\n\t\t\t\t\t\t<\/div>\n\t\t\t\t<\/div>\n\t\t\t\t<\/div>\n\t\t<div class=\"elementor-element elementor-element-b76bcb8 e-con-full e-flex e-con e-child\" data-id=\"b76bcb8\" data-element_type=\"container\">\n\t\t\t\t<div class=\"elementor-element elementor-element-360df8d elementor-flip-box--effect-fade elementor-widget elementor-widget-flip-box\" data-id=\"360df8d\" data-element_type=\"widget\" data-widget_type=\"flip-box.default\">\n\t\t\t\t<div class=\"elementor-widget-container\">\n\t\t\t\t\t\t\t<div class=\"elementor-flip-box\" tabindex=\"0\">\n\t\t\t<div class=\"elementor-flip-box__layer elementor-flip-box__front\">\n\t\t\t\t<div class=\"elementor-flip-box__layer__overlay\">\n\t\t\t\t\t<div class=\"elementor-flip-box__layer__inner\">\n\t\t\t\t\t\t\t\t\t\t\t\t\t<div class=\"elementor-flip-box__image\">\n\t\t\t\t\t\t\t\t<img decoding=\"async\" width=\"150\" height=\"150\" src=\"https:\/\/wikkelboat.nl\/wp-content\/uploads\/2022\/05\/wikkelboat-wave-150x150.png\" class=\"attachment-thumbnail size-thumbnail wp-image-808\" alt=\"\" srcset=\"https:\/\/wikkelboat.nl\/wp-content\/uploads\/2022\/05\/wikkelboat-wave-150x150.png 150w, https:\/\/wikkelboat.nl\/wp-content\/uploads\/2022\/05\/wikkelboat-wave-300x300.png 300w, https:\/\/wikkelboat.nl\/wp-content\/uploads\/2022\/05\/wikkelboat-wave.png 500w\" sizes=\"(max-width: 150px) 100vw, 150px\" \/>\t\t\t\t\t\t\t<\/div>\n\t\t\t\t\t\t\n\t\t\t\t\t\t\t\t\t\t\t\t\t<h3 class=\"elementor-flip-box__layer__title\">\n\t\t\t\t\t\t\t\tRijnhaven\t\t\t\t\t\t\t<\/h3>\n\t\t\t\t\t\t\n\t\t\t\t\t\t\t\t\t\t\t<\/div>\n\t\t\t\t<\/div>\n\t\t\t<\/div>\n\t\t\t<a class=\"elementor-flip-box__layer elementor-flip-box__back\" href=\"https:\/\/wikkelboat.nl\/rotterdam\/rijnhaven\/\">\n\t\t\t<div class=\"elementor-flip-box__layer__overlay\">\n\t\t\t\t<div class=\"elementor-flip-box__layer__inner\">\n\t\t\t\t\t\t\t\t\t\t\t<h3 class=\"elementor-flip-box__layer__title\">\n\t\t\t\t\t\t\tWikkelboats Rijnhaven\t\t\t\t\t\t<\/h3>\n\t\t\t\t\t\n\t\t\t\t\t\n\t\t\t\t\t\t\t\t\t\t\t<span class=\"elementor-flip-box__button elementor-button elementor-size-md\">\n\t\t\t\t\t\t\tVoir plus\t\t\t\t\t\t<\/span>\n\t\t\t\t\t\t\t\t<\/div>\n\t\t<\/div>\n\t\t<\/a>\n\t\t<\/div>\n\t\t\t\t\t\t<\/div>\n\t\t\t\t<\/div>\n\t\t\t\t<\/div>\n\t\t<div class=\"elementor-element elementor-element-32843f6 e-con-full e-flex e-con e-child\" data-id=\"32843f6\" data-element_type=\"container\">\n\t\t\t\t<div class=\"elementor-element elementor-element-f820d1f elementor-flip-box--effect-fade elementor-widget elementor-widget-flip-box\" data-id=\"f820d1f\" data-element_type=\"widget\" data-widget_type=\"flip-box.default\">\n\t\t\t\t<div class=\"elementor-widget-container\">\n\t\t\t\t\t\t\t<div class=\"elementor-flip-box\" tabindex=\"0\">\n\t\t\t<div class=\"elementor-flip-box__layer elementor-flip-box__front\">\n\t\t\t\t<div class=\"elementor-flip-box__layer__overlay\">\n\t\t\t\t\t<div class=\"elementor-flip-box__layer__inner\">\n\t\t\t\t\t\t\t\t\t\t\t\t\t<div class=\"elementor-flip-box__image\">\n\t\t\t\t\t\t\t\t<img decoding=\"async\" width=\"150\" height=\"150\" src=\"https:\/\/wikkelboat.nl\/wp-content\/uploads\/2022\/05\/wikkelboat-wave-150x150.png\" class=\"attachment-thumbnail size-thumbnail wp-image-808\" alt=\"\" srcset=\"https:\/\/wikkelboat.nl\/wp-content\/uploads\/2022\/05\/wikkelboat-wave-150x150.png 150w, https:\/\/wikkelboat.nl\/wp-content\/uploads\/2022\/05\/wikkelboat-wave-300x300.png 300w, https:\/\/wikkelboat.nl\/wp-content\/uploads\/2022\/05\/wikkelboat-wave.png 500w\" sizes=\"(max-width: 150px) 100vw, 150px\" \/>\t\t\t\t\t\t\t<\/div>\n\t\t\t\t\t\t\n\t\t\t\t\t\t\t\t\t\t\t\t\t<h3 class=\"elementor-flip-box__layer__title\">\n\t\t\t\t\t\t\t\tLes montagnes russes\t\t\t\t\t\t\t<\/h3>\n\t\t\t\t\t\t\n\t\t\t\t\t\t\t\t\t\t\t\t\t<div class=\"elementor-flip-box__layer__description\">\n\t\t\t\t\t\t\t\tD\u00e9couvrez nos autres lieux uniques !\t\t\t\t\t\t\t<\/div>\n\t\t\t\t\t\t\t\t\t\t\t<\/div>\n\t\t\t\t<\/div>\n\t\t\t<\/div>\n\t\t\t<a class=\"elementor-flip-box__layer elementor-flip-box__back\" href=\"https:\/\/theredapplemarina.nl\/de-coaster\/\" target=\"_blank\">\n\t\t\t<div class=\"elementor-flip-box__layer__overlay\">\n\t\t\t\t<div class=\"elementor-flip-box__layer__inner\">\n\t\t\t\t\t\t\t\t\t\t\t<h3 class=\"elementor-flip-box__layer__title\">\n\t\t\t\t\t\t\tVous avez bien lu !\t\t\t\t\t\t<\/h3>\n\t\t\t\t\t\n\t\t\t\t\t\t\t\t\t\t\t<div class=\"elementor-flip-box__layer__description\">\n\t\t\t\t\t\t\tNous disposons d'autres h\u00e9bergements sp\u00e9ciaux et lieux de r\u00e9union. V\u00e9rifiez la disponibilit\u00e9. \t\t\t\t\t\t<\/div>\n\t\t\t\t\t\n\t\t\t\t\t\t\t\t\t\t\t<span class=\"elementor-flip-box__button elementor-button elementor-size-sm\">\n\t\t\t\t\t\t\tVoir le site\t\t\t\t\t\t<\/span>\n\t\t\t\t\t\t\t\t<\/div>\n\t\t<\/div>\n\t\t<\/a>\n\t\t<\/div>\n\t\t\t\t\t\t<\/div>\n\t\t\t\t<\/div>\n\t\t\t\t<\/div>\n\t\t\t\t<\/div>\n\t\t\t\t\t<\/div>\n\t\t<\/div>\n\t\t\t\t\t<\/div>\n\t\t<\/section>\n\t\t\t\t<section class=\"elementor-section elementor-top-section elementor-element elementor-element-9de9f21 elementor-section-height-min-height elementor-section-boxed elementor-section-height-default elementor-section-items-middle\" data-id=\"9de9f21\" data-element_type=\"section\" data-settings=\"{&quot;background_background&quot;:&quot;classic&quot;}\">\n\t\t\t\t\t\t\t<div class=\"elementor-background-overlay\"><\/div>\n\t\t\t\t\t\t\t<div class=\"elementor-container elementor-column-gap-default\">\n\t\t\t\t\t<div class=\"elementor-column elementor-col-100 elementor-top-column elementor-element elementor-element-80b054a\" data-id=\"80b054a\" data-element_type=\"column\">\n\t\t\t<div class=\"elementor-widget-wrap\">\n\t\t\t\t\t\t\t<\/div>\n\t\t<\/div>\n\t\t\t\t\t<\/div>\n\t\t<\/section>\n\t\t\t\t<section class=\"elementor-section elementor-top-section elementor-element elementor-element-4b753f01 elementor-section-height-min-height elementor-section-boxed elementor-section-height-default elementor-section-items-middle\" data-id=\"4b753f01\" data-element_type=\"section\">\n\t\t\t\t\t\t<div class=\"elementor-container elementor-column-gap-default\">\n\t\t\t\t\t<div class=\"elementor-column elementor-col-33 elementor-top-column elementor-element elementor-element-7ac7bf71\" data-id=\"7ac7bf71\" data-element_type=\"column\">\n\t\t\t<div class=\"elementor-widget-wrap\">\n\t\t\t\t\t\t\t<\/div>\n\t\t<\/div>\n\t\t\t\t<div class=\"elementor-column elementor-col-33 elementor-top-column elementor-element elementor-element-11c907f3\" data-id=\"11c907f3\" data-element_type=\"column\">\n\t\t\t<div class=\"elementor-widget-wrap elementor-element-populated\">\n\t\t\t\t\t\t<div class=\"elementor-element elementor-element-3df679c2 elementor-view-default elementor-widget elementor-widget-icon\" data-id=\"3df679c2\" data-element_type=\"widget\" data-widget_type=\"icon.default\">\n\t\t\t\t<div class=\"elementor-widget-container\">\n\t\t\t\t\t\t\t<div class=\"elementor-icon-wrapper\">\n\t\t\t<div class=\"elementor-icon\">\n\t\t\t<i aria-hidden=\"true\" class=\"far fa-question-circle\"><\/i>\t\t\t<\/div>\n\t\t<\/div>\n\t\t\t\t\t\t<\/div>\n\t\t\t\t<\/div>\n\t\t\t\t<div class=\"elementor-element elementor-element-189de4bb elementor-widget elementor-widget-heading\" data-id=\"189de4bb\" data-element_type=\"widget\" data-widget_type=\"heading.default\">\n\t\t\t\t<div class=\"elementor-widget-container\">\n\t\t\t\t\t<h2 class=\"elementor-heading-title elementor-size-default\">Foire aux questions (FAQ)<\/h2>\t\t\t\t<\/div>\n\t\t\t\t<\/div>\n\t\t\t\t<div class=\"elementor-element elementor-element-3b066542 elementor-align-center elementor-widget elementor-widget-button\" data-id=\"3b066542\" data-element_type=\"widget\" data-widget_type=\"button.default\">\n\t\t\t\t<div class=\"elementor-widget-container\">\n\t\t\t\t\t\t\t\t\t<div class=\"elementor-button-wrapper\">\n\t\t\t\t\t<a class=\"elementor-button elementor-button-link elementor-size-sm\" href=\"https:\/\/wikkelboat.nl\/fr\/faq\/\">\n\t\t\t\t\t\t<span class=\"elementor-button-content-wrapper\">\n\t\t\t\t\t\t\t\t\t<span class=\"elementor-button-text\">Voir<\/span>\n\t\t\t\t\t<\/span>\n\t\t\t\t\t<\/a>\n\t\t\t\t<\/div>\n\t\t\t\t\t\t\t\t<\/div>\n\t\t\t\t<\/div>\n\t\t\t\t\t<\/div>\n\t\t<\/div>\n\t\t\t\t<div class=\"elementor-column elementor-col-33 elementor-top-column elementor-element elementor-element-7bfb595c\" data-id=\"7bfb595c\" data-element_type=\"column\">\n\t\t\t<div class=\"elementor-widget-wrap\">\n\t\t\t\t\t\t\t<\/div>\n\t\t<\/div>\n\t\t\t\t\t<\/div>\n\t\t<\/section>\n\t\t\t\t<\/div>\n\t\t","protected":false},"excerpt":{"rendered":"<p>Wikkelboats Rotterdam Wikkelboats dans la Ville du Maas Agences \u00e0 Rotterdam \u00c0 Rotterdam, nous disposons de Wikkelboats \u00e0 plusieurs endroits uniques de la ville. Vous souhaitez en savoir plus sur les diff\u00e9rents Wikkelboats et les \u00e9quipements disponibles ? Voir les options par emplacement ci-dessous. Wijnhaven Wijnhaven de Wikkelboat Voir plus Rijnhaven Wikkelboats Rijnhaven Voir plus [&hellip;]<\/p>\n","protected":false},"author":1,"featured_media":0,"parent":0,"menu_order":0,"comment_status":"closed","ping_status":"closed","template":"elementor_header_footer","meta":{"footnotes":""},"class_list":["post-1710","page","type-page","status-publish","hentry"],"yoast_head":"<!-- This site is optimized with the Yoast SEO plugin v26.3 - https:\/\/yoast.com\/wordpress\/plugins\/seo\/ -->\n<title>Rotterdam | Wikkelboat<\/title>\n<meta name=\"robots\" content=\"index, follow, max-snippet:-1, max-image-preview:large, max-video-preview:-1\" \/>\n<link rel=\"canonical\" href=\"https:\/\/wikkelboat.nl\/fr\/rotterdam\/\" \/>\n<meta property=\"og:locale\" content=\"fr_FR\" \/>\n<meta property=\"og:type\" content=\"article\" \/>\n<meta property=\"og:title\" content=\"Rotterdam | Wikkelboat\" \/>\n<meta property=\"og:description\" content=\"Wikkelboats Rotterdam Wikkelboats dans la Ville du Maas Agences \u00e0 Rotterdam \u00c0 Rotterdam, nous disposons de Wikkelboats \u00e0 plusieurs endroits uniques de la ville. Vous souhaitez en savoir plus sur les diff\u00e9rents Wikkelboats et les \u00e9quipements disponibles ? Voir les options par emplacement ci-dessous. Wijnhaven Wijnhaven de Wikkelboat Voir plus Rijnhaven Wikkelboats Rijnhaven Voir plus [&hellip;]\" \/>\n<meta property=\"og:url\" content=\"https:\/\/wikkelboat.nl\/fr\/rotterdam\/\" \/>\n<meta property=\"og:site_name\" content=\"Wikkelboat\" \/>\n<meta property=\"article:publisher\" content=\"https:\/\/www.facebook.com\/Wikkelboat\" \/>\n<meta property=\"article:modified_time\" content=\"2026-02-02T16:44:10+00:00\" \/>\n<meta property=\"og:image\" content=\"https:\/\/wikkelboat.nl\/wp-content\/uploads\/2022\/05\/wikkelboat-wave.png\" \/>\n\t<meta property=\"og:image:width\" content=\"500\" \/>\n\t<meta property=\"og:image:height\" content=\"500\" \/>\n\t<meta property=\"og:image:type\" content=\"image\/png\" \/>\n<meta name=\"twitter:card\" content=\"summary_large_image\" \/>\n<script type=\"application\/ld+json\" class=\"yoast-schema-graph\">{\"@context\":\"https:\/\/schema.org\",\"@graph\":[{\"@type\":\"WebPage\",\"@id\":\"https:\/\/wikkelboat.nl\/fr\/rotterdam\/\",\"url\":\"https:\/\/wikkelboat.nl\/fr\/rotterdam\/\",\"name\":\"Rotterdam | Wikkelboat\",\"isPartOf\":{\"@id\":\"https:\/\/wikkelboat.nl\/fr\/#website\"},\"primaryImageOfPage\":{\"@id\":\"https:\/\/wikkelboat.nl\/fr\/rotterdam\/#primaryimage\"},\"image\":{\"@id\":\"https:\/\/wikkelboat.nl\/fr\/rotterdam\/#primaryimage\"},\"thumbnailUrl\":\"https:\/\/wikkelboat.nl\/wp-content\/uploads\/2022\/05\/wikkelboat-wave.png\",\"datePublished\":\"2022-04-08T08:48:05+00:00\",\"dateModified\":\"2026-02-02T16:44:10+00:00\",\"breadcrumb\":{\"@id\":\"https:\/\/wikkelboat.nl\/fr\/rotterdam\/#breadcrumb\"},\"inLanguage\":\"fr-FR\",\"potentialAction\":[{\"@type\":\"ReadAction\",\"target\":[\"https:\/\/wikkelboat.nl\/fr\/rotterdam\/\"]}]},{\"@type\":\"ImageObject\",\"inLanguage\":\"fr-FR\",\"@id\":\"https:\/\/wikkelboat.nl\/fr\/rotterdam\/#primaryimage\",\"url\":\"https:\/\/wikkelboat.nl\/wp-content\/uploads\/2022\/05\/wikkelboat-wave.png\",\"contentUrl\":\"https:\/\/wikkelboat.nl\/wp-content\/uploads\/2022\/05\/wikkelboat-wave.png\"},{\"@type\":\"BreadcrumbList\",\"@id\":\"https:\/\/wikkelboat.nl\/fr\/rotterdam\/#breadcrumb\",\"itemListElement\":[{\"@type\":\"ListItem\",\"position\":1,\"name\":\"Home\",\"item\":\"https:\/\/wikkelboat.nl\/fr\/home\/\"},{\"@type\":\"ListItem\",\"position\":2,\"name\":\"Rotterdam\"}]},{\"@type\":\"WebSite\",\"@id\":\"https:\/\/wikkelboat.nl\/fr\/#website\",\"url\":\"https:\/\/wikkelboat.nl\/fr\/\",\"name\":\"Wikkelboat\",\"description\":\"Uniek verblijf in een tiny house boot op het water\",\"publisher\":{\"@id\":\"https:\/\/wikkelboat.nl\/fr\/#organization\"},\"potentialAction\":[{\"@type\":\"SearchAction\",\"target\":{\"@type\":\"EntryPoint\",\"urlTemplate\":\"https:\/\/wikkelboat.nl\/fr\/?s={search_term_string}\"},\"query-input\":{\"@type\":\"PropertyValueSpecification\",\"valueRequired\":true,\"valueName\":\"search_term_string\"}}],\"inLanguage\":\"fr-FR\"},{\"@type\":\"Organization\",\"@id\":\"https:\/\/wikkelboat.nl\/fr\/#organization\",\"name\":\"Wikkelboat\",\"url\":\"https:\/\/wikkelboat.nl\/fr\/\",\"logo\":{\"@type\":\"ImageObject\",\"inLanguage\":\"fr-FR\",\"@id\":\"https:\/\/wikkelboat.nl\/fr\/#\/schema\/logo\/image\/\",\"url\":\"https:\/\/wikkelboat.nl\/wp-content\/uploads\/2022\/03\/Artwork5_4badc3a7-7068-424b-8249-f3f2cd4b696c.png\",\"contentUrl\":\"https:\/\/wikkelboat.nl\/wp-content\/uploads\/2022\/03\/Artwork5_4badc3a7-7068-424b-8249-f3f2cd4b696c.png\",\"width\":1358,\"height\":1131,\"caption\":\"Wikkelboat\"},\"image\":{\"@id\":\"https:\/\/wikkelboat.nl\/fr\/#\/schema\/logo\/image\/\"},\"sameAs\":[\"https:\/\/www.facebook.com\/Wikkelboat\"]}]}<\/script>\n<!-- \/ Yoast SEO plugin. -->","yoast_head_json":{"title":"Rotterdam | Wikkelboat","robots":{"index":"index","follow":"follow","max-snippet":"max-snippet:-1","max-image-preview":"max-image-preview:large","max-video-preview":"max-video-preview:-1"},"canonical":"https:\/\/wikkelboat.nl\/fr\/rotterdam\/","og_locale":"fr_FR","og_type":"article","og_title":"Rotterdam | Wikkelboat","og_description":"Wikkelboats Rotterdam Wikkelboats dans la Ville du Maas Agences \u00e0 Rotterdam \u00c0 Rotterdam, nous disposons de Wikkelboats \u00e0 plusieurs endroits uniques de la ville. Vous souhaitez en savoir plus sur les diff\u00e9rents Wikkelboats et les \u00e9quipements disponibles ? Voir les options par emplacement ci-dessous. Wijnhaven Wijnhaven de Wikkelboat Voir plus Rijnhaven Wikkelboats Rijnhaven Voir plus [&hellip;]","og_url":"https:\/\/wikkelboat.nl\/fr\/rotterdam\/","og_site_name":"Wikkelboat","article_publisher":"https:\/\/www.facebook.com\/Wikkelboat","article_modified_time":"2026-02-02T16:44:10+00:00","og_image":[{"width":500,"height":500,"url":"https:\/\/wikkelboat.nl\/wp-content\/uploads\/2022\/05\/wikkelboat-wave.png","type":"image\/png"}],"twitter_card":"summary_large_image","schema":{"@context":"https:\/\/schema.org","@graph":[{"@type":"WebPage","@id":"https:\/\/wikkelboat.nl\/fr\/rotterdam\/","url":"https:\/\/wikkelboat.nl\/fr\/rotterdam\/","name":"Rotterdam | Wikkelboat","isPartOf":{"@id":"https:\/\/wikkelboat.nl\/fr\/#website"},"primaryImageOfPage":{"@id":"https:\/\/wikkelboat.nl\/fr\/rotterdam\/#primaryimage"},"image":{"@id":"https:\/\/wikkelboat.nl\/fr\/rotterdam\/#primaryimage"},"thumbnailUrl":"https:\/\/wikkelboat.nl\/wp-content\/uploads\/2022\/05\/wikkelboat-wave.png","datePublished":"2022-04-08T08:48:05+00:00","dateModified":"2026-02-02T16:44:10+00:00","breadcrumb":{"@id":"https:\/\/wikkelboat.nl\/fr\/rotterdam\/#breadcrumb"},"inLanguage":"fr-FR","potentialAction":[{"@type":"ReadAction","target":["https:\/\/wikkelboat.nl\/fr\/rotterdam\/"]}]},{"@type":"ImageObject","inLanguage":"fr-FR","@id":"https:\/\/wikkelboat.nl\/fr\/rotterdam\/#primaryimage","url":"https:\/\/wikkelboat.nl\/wp-content\/uploads\/2022\/05\/wikkelboat-wave.png","contentUrl":"https:\/\/wikkelboat.nl\/wp-content\/uploads\/2022\/05\/wikkelboat-wave.png"},{"@type":"BreadcrumbList","@id":"https:\/\/wikkelboat.nl\/fr\/rotterdam\/#breadcrumb","itemListElement":[{"@type":"ListItem","position":1,"name":"Home","item":"https:\/\/wikkelboat.nl\/fr\/home\/"},{"@type":"ListItem","position":2,"name":"Rotterdam"}]},{"@type":"WebSite","@id":"https:\/\/wikkelboat.nl\/fr\/#website","url":"https:\/\/wikkelboat.nl\/fr\/","name":"Wikkelboat","description":"Uniek verblijf in een tiny house boot op het water","publisher":{"@id":"https:\/\/wikkelboat.nl\/fr\/#organization"},"potentialAction":[{"@type":"SearchAction","target":{"@type":"EntryPoint","urlTemplate":"https:\/\/wikkelboat.nl\/fr\/?s={search_term_string}"},"query-input":{"@type":"PropertyValueSpecification","valueRequired":true,"valueName":"search_term_string"}}],"inLanguage":"fr-FR"},{"@type":"Organization","@id":"https:\/\/wikkelboat.nl\/fr\/#organization","name":"Wikkelboat","url":"https:\/\/wikkelboat.nl\/fr\/","logo":{"@type":"ImageObject","inLanguage":"fr-FR","@id":"https:\/\/wikkelboat.nl\/fr\/#\/schema\/logo\/image\/","url":"https:\/\/wikkelboat.nl\/wp-content\/uploads\/2022\/03\/Artwork5_4badc3a7-7068-424b-8249-f3f2cd4b696c.png","contentUrl":"https:\/\/wikkelboat.nl\/wp-content\/uploads\/2022\/03\/Artwork5_4badc3a7-7068-424b-8249-f3f2cd4b696c.png","width":1358,"height":1131,"caption":"Wikkelboat"},"image":{"@id":"https:\/\/wikkelboat.nl\/fr\/#\/schema\/logo\/image\/"},"sameAs":["https:\/\/www.facebook.com\/Wikkelboat"]}]}},"_links":{"self":[{"href":"https:\/\/wikkelboat.nl\/fr\/wp-json\/wp\/v2\/pages\/1710","targetHints":{"allow":["GET"]}}],"collection":[{"href":"https:\/\/wikkelboat.nl\/fr\/wp-json\/wp\/v2\/pages"}],"about":[{"href":"https:\/\/wikkelboat.nl\/fr\/wp-json\/wp\/v2\/types\/page"}],"author":[{"embeddable":true,"href":"https:\/\/wikkelboat.nl\/fr\/wp-json\/wp\/v2\/users\/1"}],"replies":[{"embeddable":true,"href":"https:\/\/wikkelboat.nl\/fr\/wp-json\/wp\/v2\/comments?post=1710"}],"version-history":[{"count":8,"href":"https:\/\/wikkelboat.nl\/fr\/wp-json\/wp\/v2\/pages\/1710\/revisions"}],"predecessor-version":[{"id":3131,"href":"https:\/\/wikkelboat.nl\/fr\/wp-json\/wp\/v2\/pages\/1710\/revisions\/3131"}],"wp:attachment":[{"href":"https:\/\/wikkelboat.nl\/fr\/wp-json\/wp\/v2\/media?parent=1710"}],"curies":[{"name":"wp","href":"https:\/\/api.w.org\/{rel}","templated":true}]}}