{"id":2011,"date":"2022-06-27T20:35:58","date_gmt":"2022-06-27T20:35:58","guid":{"rendered":"https:\/\/wikkelboat.nl\/postes-vacants\/"},"modified":"2026-03-16T05:18:00","modified_gmt":"2026-03-16T05:18:00","slug":"postes-vacants","status":"publish","type":"page","link":"https:\/\/wikkelboat.nl\/fr\/postes-vacants\/","title":{"rendered":"Postes vacants"},"content":{"rendered":"\t\t<div data-elementor-type=\"wp-page\" data-elementor-id=\"2011\" class=\"elementor elementor-2011 elementor-2000\" data-elementor-post-type=\"page\">\n\t\t\t\t\t\t<section class=\"elementor-section elementor-top-section elementor-element elementor-element-407f58a8 elementor-section-height-min-height elementor-section-items-stretch elementor-section-content-middle elementor-section-boxed elementor-section-height-default\" data-id=\"407f58a8\" data-element_type=\"section\" data-settings=\"{&quot;background_background&quot;:&quot;classic&quot;}\">\n\t\t\t\t\t\t\t<div class=\"elementor-background-overlay\"><\/div>\n\t\t\t\t\t\t\t<div class=\"elementor-container elementor-column-gap-no\">\n\t\t\t\t\t<div class=\"elementor-column elementor-col-100 elementor-top-column elementor-element elementor-element-26ef1fbe\" data-id=\"26ef1fbe\" data-element_type=\"column\">\n\t\t\t<div class=\"elementor-widget-wrap elementor-element-populated\">\n\t\t\t\t\t\t<div class=\"elementor-element elementor-element-785ed9be elementor-invisible elementor-widget elementor-widget-heading\" data-id=\"785ed9be\" data-element_type=\"widget\" data-settings=\"{&quot;_animation&quot;:&quot;fadeIn&quot;}\" data-widget_type=\"heading.default\">\n\t\t\t\t<div class=\"elementor-widget-container\">\n\t\t\t\t\t<h1 class=\"elementor-heading-title elementor-size-default\">Postes vacants<\/h1>\t\t\t\t<\/div>\n\t\t\t\t<\/div>\n\t\t\t\t<div class=\"elementor-element elementor-element-27eb6029 elementor-invisible elementor-widget elementor-widget-heading\" data-id=\"27eb6029\" data-element_type=\"widget\" data-settings=\"{&quot;_animation&quot;:&quot;fadeIn&quot;}\" data-widget_type=\"heading.default\">\n\t\t\t\t<div class=\"elementor-widget-container\">\n\t\t\t\t\t<h5 class=\"elementor-heading-title elementor-size-default\">Travailler chez Wikkelboat.<\/h5>\t\t\t\t<\/div>\n\t\t\t\t<\/div>\n\t\t\t\t\t<\/div>\n\t\t<\/div>\n\t\t\t\t\t<\/div>\n\t\t<\/section>\n\t\t\t\t<section class=\"elementor-section elementor-top-section elementor-element elementor-element-6d803e70 elementor-section-full_width elementor-section-height-default elementor-section-height-default\" data-id=\"6d803e70\" data-element_type=\"section\">\n\t\t\t\t\t\t<div class=\"elementor-container elementor-column-gap-default\">\n\t\t\t\t\t<div class=\"elementor-column elementor-col-50 elementor-top-column elementor-element elementor-element-72ecc5d\" data-id=\"72ecc5d\" data-element_type=\"column\" data-settings=\"{&quot;background_background&quot;:&quot;classic&quot;}\">\n\t\t\t<div class=\"elementor-widget-wrap elementor-element-populated\">\n\t\t\t\t\t\t<div class=\"elementor-element elementor-element-5a3d40da elementor-widget elementor-widget-text-editor\" data-id=\"5a3d40da\" data-element_type=\"widget\" data-widget_type=\"text-editor.default\">\n\t\t\t\t<div class=\"elementor-widget-container\">\n\t\t\t\t\t\t\t\t\t<p>VACANCY<\/p>\t\t\t\t\t\t\t\t<\/div>\n\t\t\t\t<\/div>\n\t\t\t\t<div class=\"elementor-element elementor-element-44a648b3 elementor-widget elementor-widget-heading\" data-id=\"44a648b3\" data-element_type=\"widget\" data-widget_type=\"heading.default\">\n\t\t\t\t<div class=\"elementor-widget-container\">\n\t\t\t\t\t<h2 class=\"elementor-heading-title elementor-size-default\">Administrateur Wikkelboat<\/h2>\t\t\t\t<\/div>\n\t\t\t\t<\/div>\n\t\t\t\t<div class=\"elementor-element elementor-element-7dfb20a elementor-widget elementor-widget-text-editor\" data-id=\"7dfb20a\" data-element_type=\"widget\" data-widget_type=\"text-editor.default\">\n\t\t\t\t<div class=\"elementor-widget-container\">\n\t\t\t\t\t\t\t\t\t<p>Dans ce poste, vous serez l&rsquo;araign\u00e9e dans la toile de notre organisation les jours o\u00f9 vous serez le manager, parfois avec un coll\u00e8gue manager en r\u00e9partissant les t\u00e2ches entre vous. Vous veillez \u00e0 ce que nos clients vivent un s\u00e9jour fantastique, qu&rsquo;il s&rsquo;agisse d&rsquo;une r\u00e9union, d&rsquo;activit\u00e9s nautiques ou d&rsquo;une nuit\u00e9e. Toutes les communications avec les clients passent par vous, bien qu&rsquo;une grande partie soit automatis\u00e9e. Vous vous assurez que tout ce qui est n\u00e9cessaire est pr\u00e9sent, que le nettoyage est en ordre et que nos partenaires sont g\u00e9r\u00e9s de mani\u00e8re \u00e0 ce que l&rsquo;op\u00e9ration se d\u00e9roule sans probl\u00e8me. Les petits travaux d&rsquo;entretien et de r\u00e9paration sont effectu\u00e9s par vos soins ou command\u00e9s \u00e0 nos partenaires.  <span style=\"color: var( --e-global-color-c696dce ); font-family: var( --e-global-typography-text-font-family ), Sans-serif; font-size: var( --e-global-typography-text-font-size ); font-style: var( --e-global-typography-text-font-style ); font-weight: var( --e-global-typography-text-font-weight ); letter-spacing: var( --e-global-typography-text-letter-spacing ); text-transform: var( --e-global-typography-text-text-transform ); background-color: var( --e-global-color-primary ); word-spacing: 0em;\">En tant que gestionnaire\/capitaine de port, vous veillez \u00e0 ce que nos habitu\u00e9s se sentent chez eux et que les passants soient les bienvenus.<\/span><\/p>\t\t\t\t\t\t\t\t<\/div>\n\t\t\t\t<\/div>\n\t\t\t\t<div class=\"elementor-element elementor-element-66f5e5db elementor-align-left elementor-widget elementor-widget-button\" data-id=\"66f5e5db\" data-element_type=\"widget\" data-widget_type=\"button.default\">\n\t\t\t\t<div class=\"elementor-widget-container\">\n\t\t\t\t\t\t\t\t\t<div class=\"elementor-button-wrapper\">\n\t\t\t\t\t<a class=\"elementor-button elementor-button-link elementor-size-sm\" href=\"https:\/\/wikkelboat.nl\/wp-content\/uploads\/2022\/06\/Vacatureprofiel-Beheerder-Havenmeester.pdf\" target=\"_blank\" rel=\"nofollow\">\n\t\t\t\t\t\t<span class=\"elementor-button-content-wrapper\">\n\t\t\t\t\t\t\t\t\t<span class=\"elementor-button-text\">Voir l'ensemble de l'offre d'emploi<\/span>\n\t\t\t\t\t<\/span>\n\t\t\t\t\t<\/a>\n\t\t\t\t<\/div>\n\t\t\t\t\t\t\t\t<\/div>\n\t\t\t\t<\/div>\n\t\t\t\t\t<\/div>\n\t\t<\/div>\n\t\t\t\t<div class=\"elementor-column elementor-col-50 elementor-top-column elementor-element elementor-element-343ff2fb\" data-id=\"343ff2fb\" data-element_type=\"column\" data-settings=\"{&quot;background_background&quot;:&quot;classic&quot;}\">\n\t\t\t<div class=\"elementor-widget-wrap elementor-element-populated\">\n\t\t\t\t\t\t<div class=\"elementor-element elementor-element-28f90ae1 elementor-widget elementor-widget-heading\" data-id=\"28f90ae1\" data-element_type=\"widget\" data-widget_type=\"heading.default\">\n\t\t\t\t<div class=\"elementor-widget-container\">\n\t\t\t\t\t<h2 class=\"elementor-heading-title elementor-size-default\">Int\u00e9ress\u00e9 ?<\/h2>\t\t\t\t<\/div>\n\t\t\t\t<\/div>\n\t\t\t\t<div class=\"elementor-element elementor-element-5d2f004c elementor-widget elementor-widget-text-editor\" data-id=\"5d2f004c\" data-element_type=\"widget\" data-widget_type=\"text-editor.default\">\n\t\t\t\t<div class=\"elementor-widget-container\">\n\t\t\t\t\t\t\t\t\t<p>Nous vous invitons ensuite \u00e0 prendre un caf\u00e9 avec nous pour discuter des possibilit\u00e9s.<\/p>\t\t\t\t\t\t\t\t<\/div>\n\t\t\t\t<\/div>\n\t\t\t\t<div class=\"elementor-element elementor-element-59f04d8e elementor-align-left elementor-widget elementor-widget-button\" data-id=\"59f04d8e\" data-element_type=\"widget\" data-widget_type=\"button.default\">\n\t\t\t\t<div class=\"elementor-widget-container\">\n\t\t\t\t\t\t\t\t\t<div class=\"elementor-button-wrapper\">\n\t\t\t\t\t<a class=\"elementor-button elementor-button-link elementor-size-sm\" href=\"#elementor-action%3Aaction%3Dpopup%3Aopen%26settings%3DeyJpZCI6MzAwMCwidG9nZ2xlIjpmYWxzZX0%3D\" target=\"_blank\">\n\t\t\t\t\t\t<span class=\"elementor-button-content-wrapper\">\n\t\t\t\t\t\t\t\t\t<span class=\"elementor-button-text\">Nous contacter<\/span>\n\t\t\t\t\t<\/span>\n\t\t\t\t\t<\/a>\n\t\t\t\t<\/div>\n\t\t\t\t\t\t\t\t<\/div>\n\t\t\t\t<\/div>\n\t\t\t\t\t<\/div>\n\t\t<\/div>\n\t\t\t\t\t<\/div>\n\t\t<\/section>\n\t\t\t\t<\/div>\n\t\t","protected":false},"excerpt":{"rendered":"<p>Postes vacants Travailler \u00e0 Wikkelboat. VACANCY Devenez un employ\u00e9 des services d&rsquo;accueil \u00e0 l&rsquo;adresse Wikkelboat. Vous \u00eates \u00e0 la recherche d&rsquo;une opportunit\u00e9 extraordinaire de combiner votre passion pour l&rsquo;h\u00f4tellerie et la gestion d&rsquo;h\u00e9bergements uniques ? Nous recherchons un(e) coll\u00e8gue exp\u00e9riment\u00e9(e) et d\u00e9vou\u00e9(e) pour rejoindre notre \u00e9quipe d&rsquo;accueil. Voir l&rsquo;int\u00e9gralit\u00e9 de l&rsquo;offre d&#8217;emploi Int\u00e9ress\u00e9 ? Nous [&hellip;]<\/p>\n","protected":false},"author":3,"featured_media":0,"parent":0,"menu_order":0,"comment_status":"closed","ping_status":"closed","template":"","meta":{"footnotes":""},"class_list":["post-2011","page","type-page","status-publish","hentry"],"yoast_head":"<!-- This site is optimized with the Yoast SEO plugin v26.3 - https:\/\/yoast.com\/wordpress\/plugins\/seo\/ -->\n<title>Postes vacants | Wikkelboat<\/title>\n<meta name=\"robots\" content=\"index, follow, max-snippet:-1, max-image-preview:large, max-video-preview:-1\" \/>\n<link rel=\"canonical\" href=\"https:\/\/wikkelboat.nl\/fr\/postes-vacants\/\" \/>\n<meta property=\"og:locale\" content=\"fr_FR\" \/>\n<meta property=\"og:type\" content=\"article\" \/>\n<meta property=\"og:title\" content=\"Postes vacants | Wikkelboat\" \/>\n<meta property=\"og:description\" content=\"Postes vacants Travailler \u00e0 Wikkelboat. VACANCY Devenez un employ\u00e9 des services d&rsquo;accueil \u00e0 l&rsquo;adresse Wikkelboat. Vous \u00eates \u00e0 la recherche d&rsquo;une opportunit\u00e9 extraordinaire de combiner votre passion pour l&rsquo;h\u00f4tellerie et la gestion d&rsquo;h\u00e9bergements uniques ? Nous recherchons un(e) coll\u00e8gue exp\u00e9riment\u00e9(e) et d\u00e9vou\u00e9(e) pour rejoindre notre \u00e9quipe d&rsquo;accueil. Voir l&rsquo;int\u00e9gralit\u00e9 de l&rsquo;offre d&#8217;emploi Int\u00e9ress\u00e9 ? Nous [&hellip;]\" \/>\n<meta property=\"og:url\" content=\"https:\/\/wikkelboat.nl\/fr\/postes-vacants\/\" \/>\n<meta property=\"og:site_name\" content=\"Wikkelboat\" \/>\n<meta property=\"article:publisher\" content=\"https:\/\/www.facebook.com\/Wikkelboat\" \/>\n<meta property=\"article:modified_time\" content=\"2026-03-16T05:18:00+00:00\" \/>\n<meta name=\"twitter:card\" content=\"summary_large_image\" \/>\n<script type=\"application\/ld+json\" class=\"yoast-schema-graph\">{\"@context\":\"https:\/\/schema.org\",\"@graph\":[{\"@type\":\"WebPage\",\"@id\":\"https:\/\/wikkelboat.nl\/fr\/postes-vacants\/\",\"url\":\"https:\/\/wikkelboat.nl\/fr\/postes-vacants\/\",\"name\":\"Postes vacants | Wikkelboat\",\"isPartOf\":{\"@id\":\"https:\/\/wikkelboat.nl\/fr\/#website\"},\"datePublished\":\"2022-06-27T20:35:58+00:00\",\"dateModified\":\"2026-03-16T05:18:00+00:00\",\"breadcrumb\":{\"@id\":\"https:\/\/wikkelboat.nl\/fr\/postes-vacants\/#breadcrumb\"},\"inLanguage\":\"fr-FR\",\"potentialAction\":[{\"@type\":\"ReadAction\",\"target\":[\"https:\/\/wikkelboat.nl\/fr\/postes-vacants\/\"]}]},{\"@type\":\"BreadcrumbList\",\"@id\":\"https:\/\/wikkelboat.nl\/fr\/postes-vacants\/#breadcrumb\",\"itemListElement\":[{\"@type\":\"ListItem\",\"position\":1,\"name\":\"Home\",\"item\":\"https:\/\/wikkelboat.nl\/fr\/home\/\"},{\"@type\":\"ListItem\",\"position\":2,\"name\":\"Postes vacants\"}]},{\"@type\":\"WebSite\",\"@id\":\"https:\/\/wikkelboat.nl\/fr\/#website\",\"url\":\"https:\/\/wikkelboat.nl\/fr\/\",\"name\":\"Wikkelboat\",\"description\":\"Uniek verblijf in een tiny house boot op het water\",\"publisher\":{\"@id\":\"https:\/\/wikkelboat.nl\/fr\/#organization\"},\"potentialAction\":[{\"@type\":\"SearchAction\",\"target\":{\"@type\":\"EntryPoint\",\"urlTemplate\":\"https:\/\/wikkelboat.nl\/fr\/?s={search_term_string}\"},\"query-input\":{\"@type\":\"PropertyValueSpecification\",\"valueRequired\":true,\"valueName\":\"search_term_string\"}}],\"inLanguage\":\"fr-FR\"},{\"@type\":\"Organization\",\"@id\":\"https:\/\/wikkelboat.nl\/fr\/#organization\",\"name\":\"Wikkelboat\",\"url\":\"https:\/\/wikkelboat.nl\/fr\/\",\"logo\":{\"@type\":\"ImageObject\",\"inLanguage\":\"fr-FR\",\"@id\":\"https:\/\/wikkelboat.nl\/fr\/#\/schema\/logo\/image\/\",\"url\":\"https:\/\/wikkelboat.nl\/wp-content\/uploads\/2022\/03\/Artwork5_4badc3a7-7068-424b-8249-f3f2cd4b696c.png\",\"contentUrl\":\"https:\/\/wikkelboat.nl\/wp-content\/uploads\/2022\/03\/Artwork5_4badc3a7-7068-424b-8249-f3f2cd4b696c.png\",\"width\":1358,\"height\":1131,\"caption\":\"Wikkelboat\"},\"image\":{\"@id\":\"https:\/\/wikkelboat.nl\/fr\/#\/schema\/logo\/image\/\"},\"sameAs\":[\"https:\/\/www.facebook.com\/Wikkelboat\"]}]}<\/script>\n<!-- \/ Yoast SEO plugin. -->","yoast_head_json":{"title":"Postes vacants | Wikkelboat","robots":{"index":"index","follow":"follow","max-snippet":"max-snippet:-1","max-image-preview":"max-image-preview:large","max-video-preview":"max-video-preview:-1"},"canonical":"https:\/\/wikkelboat.nl\/fr\/postes-vacants\/","og_locale":"fr_FR","og_type":"article","og_title":"Postes vacants | Wikkelboat","og_description":"Postes vacants Travailler \u00e0 Wikkelboat. VACANCY Devenez un employ\u00e9 des services d&rsquo;accueil \u00e0 l&rsquo;adresse Wikkelboat. Vous \u00eates \u00e0 la recherche d&rsquo;une opportunit\u00e9 extraordinaire de combiner votre passion pour l&rsquo;h\u00f4tellerie et la gestion d&rsquo;h\u00e9bergements uniques ? Nous recherchons un(e) coll\u00e8gue exp\u00e9riment\u00e9(e) et d\u00e9vou\u00e9(e) pour rejoindre notre \u00e9quipe d&rsquo;accueil. Voir l&rsquo;int\u00e9gralit\u00e9 de l&rsquo;offre d&#8217;emploi Int\u00e9ress\u00e9 ? Nous [&hellip;]","og_url":"https:\/\/wikkelboat.nl\/fr\/postes-vacants\/","og_site_name":"Wikkelboat","article_publisher":"https:\/\/www.facebook.com\/Wikkelboat","article_modified_time":"2026-03-16T05:18:00+00:00","twitter_card":"summary_large_image","schema":{"@context":"https:\/\/schema.org","@graph":[{"@type":"WebPage","@id":"https:\/\/wikkelboat.nl\/fr\/postes-vacants\/","url":"https:\/\/wikkelboat.nl\/fr\/postes-vacants\/","name":"Postes vacants | Wikkelboat","isPartOf":{"@id":"https:\/\/wikkelboat.nl\/fr\/#website"},"datePublished":"2022-06-27T20:35:58+00:00","dateModified":"2026-03-16T05:18:00+00:00","breadcrumb":{"@id":"https:\/\/wikkelboat.nl\/fr\/postes-vacants\/#breadcrumb"},"inLanguage":"fr-FR","potentialAction":[{"@type":"ReadAction","target":["https:\/\/wikkelboat.nl\/fr\/postes-vacants\/"]}]},{"@type":"BreadcrumbList","@id":"https:\/\/wikkelboat.nl\/fr\/postes-vacants\/#breadcrumb","itemListElement":[{"@type":"ListItem","position":1,"name":"Home","item":"https:\/\/wikkelboat.nl\/fr\/home\/"},{"@type":"ListItem","position":2,"name":"Postes vacants"}]},{"@type":"WebSite","@id":"https:\/\/wikkelboat.nl\/fr\/#website","url":"https:\/\/wikkelboat.nl\/fr\/","name":"Wikkelboat","description":"Uniek verblijf in een tiny house boot op het water","publisher":{"@id":"https:\/\/wikkelboat.nl\/fr\/#organization"},"potentialAction":[{"@type":"SearchAction","target":{"@type":"EntryPoint","urlTemplate":"https:\/\/wikkelboat.nl\/fr\/?s={search_term_string}"},"query-input":{"@type":"PropertyValueSpecification","valueRequired":true,"valueName":"search_term_string"}}],"inLanguage":"fr-FR"},{"@type":"Organization","@id":"https:\/\/wikkelboat.nl\/fr\/#organization","name":"Wikkelboat","url":"https:\/\/wikkelboat.nl\/fr\/","logo":{"@type":"ImageObject","inLanguage":"fr-FR","@id":"https:\/\/wikkelboat.nl\/fr\/#\/schema\/logo\/image\/","url":"https:\/\/wikkelboat.nl\/wp-content\/uploads\/2022\/03\/Artwork5_4badc3a7-7068-424b-8249-f3f2cd4b696c.png","contentUrl":"https:\/\/wikkelboat.nl\/wp-content\/uploads\/2022\/03\/Artwork5_4badc3a7-7068-424b-8249-f3f2cd4b696c.png","width":1358,"height":1131,"caption":"Wikkelboat"},"image":{"@id":"https:\/\/wikkelboat.nl\/fr\/#\/schema\/logo\/image\/"},"sameAs":["https:\/\/www.facebook.com\/Wikkelboat"]}]}},"_links":{"self":[{"href":"https:\/\/wikkelboat.nl\/fr\/wp-json\/wp\/v2\/pages\/2011","targetHints":{"allow":["GET"]}}],"collection":[{"href":"https:\/\/wikkelboat.nl\/fr\/wp-json\/wp\/v2\/pages"}],"about":[{"href":"https:\/\/wikkelboat.nl\/fr\/wp-json\/wp\/v2\/types\/page"}],"author":[{"embeddable":true,"href":"https:\/\/wikkelboat.nl\/fr\/wp-json\/wp\/v2\/users\/3"}],"replies":[{"embeddable":true,"href":"https:\/\/wikkelboat.nl\/fr\/wp-json\/wp\/v2\/comments?post=2011"}],"version-history":[{"count":5,"href":"https:\/\/wikkelboat.nl\/fr\/wp-json\/wp\/v2\/pages\/2011\/revisions"}],"predecessor-version":[{"id":3162,"href":"https:\/\/wikkelboat.nl\/fr\/wp-json\/wp\/v2\/pages\/2011\/revisions\/3162"}],"wp:attachment":[{"href":"https:\/\/wikkelboat.nl\/fr\/wp-json\/wp\/v2\/media?parent=2011"}],"curies":[{"name":"wp","href":"https:\/\/api.w.org\/{rel}","templated":true}]}}