{"id":2117,"date":"2022-06-11T13:31:51","date_gmt":"2022-06-11T13:31:51","guid":{"rendered":"https:\/\/wikkelboat.nl\/regles-relatives-aux-sports-nautiques\/"},"modified":"2022-07-06T11:23:09","modified_gmt":"2022-07-06T11:23:09","slug":"regles-relatives-aux-sports-nautiques","status":"publish","type":"page","link":"https:\/\/wikkelboat.nl\/fr\/regles-relatives-aux-sports-nautiques\/","title":{"rendered":"R\u00e8gles relatives aux sports nautiques"},"content":{"rendered":"\n<p><strong>C&rsquo;est g\u00e9nial que vous alliez d\u00e9couvrir les eaux de Rotterdam sur l&rsquo;un de nos SUPs\/kayaks\/cano\u00ebs\/v\u00e9lo d&rsquo;eau !<\/strong><\/p>\n\n<p><strong>Pour que l&rsquo;exp\u00e9rience reste amusante et s\u00fbre pour tous, nous demandons \u00e0 chaque utilisateur de respecter et d&rsquo;accepter explicitement les r\u00e8gles suivantes :<\/strong><\/p>\n\n<p>&#8211; Regardez toujours autour de vous &#8211; la navigation peut approcher et ne pas regarder peut \u00eatre dangereux.<\/p>\n\n<p>&#8211; Portez TOUJOURS un gilet de sauvetage pendant les activit\u00e9s de loisirs aquatiques.<\/p>\n\n<p>&#8211; La baignade est interdite, mais vous devez avoir un brevet de natation.<\/p>\n\n<p>&#8211; N&rsquo;allez JAMAIS sur la Meuse&#8230; c&rsquo;est un danger de mort &#8211; restez dans le port int\u00e9rieur, qui est suffisamment grand et sp\u00e9cial !<\/p>\n\n<p>&#8211; Dans le Rijnhaven : Restez dans la zone indiqu\u00e9e ci-dessous : en semaine, pendant la journ\u00e9e jusqu&rsquo;\u00e0 19h, uniquement dans la zone A, apr\u00e8s 19h et le week-end, la zone B peut \u00e9galement \u00eatre utilis\u00e9e. La zone bleue est strictement interdite en raison de la rapidit\u00e9 et de la dangerosit\u00e9 du transport maritime.<\/p>\n\n<p>&#8211; L&rsquo;utilisation de nos \u00e9quipements de loisirs aquatiques se fait \u00e0 vos propres risques. En tant que skipper, vous \u00eates responsable de vos propres activit\u00e9s.<\/p>\n\n<p>&#8211; La consommation d&rsquo;alcool et de drogues avant ou pendant les activit\u00e9s nautiques est strictement interdite.<\/p>\n\n<p>&#8211; Allez-y doucement, pas de musique et pas de cris sur l&rsquo;eau &#8211; nous voulons rester amis avec les voisins \ud83d\ude42<\/p>\n\n<p>&#8211; Tout dommage ou perte de mat\u00e9riel devra nous \u00eatre signal\u00e9 imm\u00e9diatement par vous et nous \u00eatre rembours\u00e9.<\/p>\n\n<figure class=\"wp-block-image size-large\"><img fetchpriority=\"high\" decoding=\"async\" width=\"1024\" height=\"808\" src=\"https:\/\/wikkelboat.nl\/wp-content\/uploads\/2022\/06\/Kaart-Vaargebied-waterrcreatie-1024x808.jpg\" alt=\"\" class=\"wp-image-1944\" srcset=\"https:\/\/wikkelboat.nl\/wp-content\/uploads\/2022\/06\/Kaart-Vaargebied-waterrcreatie-1024x808.jpg 1024w, https:\/\/wikkelboat.nl\/wp-content\/uploads\/2022\/06\/Kaart-Vaargebied-waterrcreatie-300x237.jpg 300w, https:\/\/wikkelboat.nl\/wp-content\/uploads\/2022\/06\/Kaart-Vaargebied-waterrcreatie-768x606.jpg 768w, https:\/\/wikkelboat.nl\/wp-content\/uploads\/2022\/06\/Kaart-Vaargebied-waterrcreatie-1536x1212.jpg 1536w, https:\/\/wikkelboat.nl\/wp-content\/uploads\/2022\/06\/Kaart-Vaargebied-waterrcreatie.jpg 1870w\" sizes=\"(max-width: 1024px) 100vw, 1024px\" \/><\/figure>\n","protected":false},"excerpt":{"rendered":"<p>C&rsquo;est g\u00e9nial que vous alliez d\u00e9couvrir les eaux de Rotterdam sur l&rsquo;un de nos SUPs\/kayaks\/cano\u00ebs\/v\u00e9lo d&rsquo;eau ! Pour que l&rsquo;exp\u00e9rience reste amusante et s\u00fbre pour tous, nous demandons \u00e0 chaque utilisateur de respecter et d&rsquo;accepter explicitement les r\u00e8gles suivantes : &#8211; Regardez toujours autour de vous &#8211; la navigation peut approcher et ne pas regarder [&hellip;]<\/p>\n","protected":false},"author":3,"featured_media":0,"parent":0,"menu_order":0,"comment_status":"closed","ping_status":"closed","template":"","meta":{"footnotes":""},"class_list":["post-2117","page","type-page","status-publish","hentry"],"yoast_head":"<!-- This site is optimized with the Yoast SEO plugin v26.3 - https:\/\/yoast.com\/wordpress\/plugins\/seo\/ -->\n<title>R\u00e8gles relatives aux sports nautiques | Wikkelboat<\/title>\n<meta name=\"robots\" content=\"index, follow, max-snippet:-1, max-image-preview:large, max-video-preview:-1\" \/>\n<link rel=\"canonical\" href=\"https:\/\/wikkelboat.nl\/fr\/regles-relatives-aux-sports-nautiques\/\" \/>\n<meta property=\"og:locale\" content=\"fr_FR\" \/>\n<meta property=\"og:type\" content=\"article\" \/>\n<meta property=\"og:title\" content=\"R\u00e8gles relatives aux sports nautiques | Wikkelboat\" \/>\n<meta property=\"og:description\" content=\"C&rsquo;est g\u00e9nial que vous alliez d\u00e9couvrir les eaux de Rotterdam sur l&rsquo;un de nos SUPs\/kayaks\/cano\u00ebs\/v\u00e9lo d&rsquo;eau ! Pour que l&rsquo;exp\u00e9rience reste amusante et s\u00fbre pour tous, nous demandons \u00e0 chaque utilisateur de respecter et d&rsquo;accepter explicitement les r\u00e8gles suivantes : &#8211; Regardez toujours autour de vous &#8211; la navigation peut approcher et ne pas regarder [&hellip;]\" \/>\n<meta property=\"og:url\" content=\"https:\/\/wikkelboat.nl\/fr\/regles-relatives-aux-sports-nautiques\/\" \/>\n<meta property=\"og:site_name\" content=\"Wikkelboat\" \/>\n<meta property=\"article:publisher\" content=\"https:\/\/www.facebook.com\/Wikkelboat\" \/>\n<meta property=\"article:modified_time\" content=\"2022-07-06T11:23:09+00:00\" \/>\n<meta property=\"og:image\" content=\"https:\/\/wikkelboat.nl\/wp-content\/uploads\/2022\/06\/Kaart-Vaargebied-waterrcreatie-1024x808.jpg\" \/>\n<meta name=\"twitter:card\" content=\"summary_large_image\" \/>\n<meta name=\"twitter:label1\" content=\"Dur\u00e9e de lecture estim\u00e9e\" \/>\n\t<meta name=\"twitter:data1\" content=\"1 minute\" \/>\n<script type=\"application\/ld+json\" class=\"yoast-schema-graph\">{\"@context\":\"https:\/\/schema.org\",\"@graph\":[{\"@type\":\"WebPage\",\"@id\":\"https:\/\/wikkelboat.nl\/fr\/regles-relatives-aux-sports-nautiques\/\",\"url\":\"https:\/\/wikkelboat.nl\/fr\/regles-relatives-aux-sports-nautiques\/\",\"name\":\"R\u00e8gles relatives aux sports nautiques | Wikkelboat\",\"isPartOf\":{\"@id\":\"https:\/\/wikkelboat.nl\/fr\/#website\"},\"primaryImageOfPage\":{\"@id\":\"https:\/\/wikkelboat.nl\/fr\/regles-relatives-aux-sports-nautiques\/#primaryimage\"},\"image\":{\"@id\":\"https:\/\/wikkelboat.nl\/fr\/regles-relatives-aux-sports-nautiques\/#primaryimage\"},\"thumbnailUrl\":\"https:\/\/wikkelboat.nl\/wp-content\/uploads\/2022\/06\/Kaart-Vaargebied-waterrcreatie-1024x808.jpg\",\"datePublished\":\"2022-06-11T13:31:51+00:00\",\"dateModified\":\"2022-07-06T11:23:09+00:00\",\"breadcrumb\":{\"@id\":\"https:\/\/wikkelboat.nl\/fr\/regles-relatives-aux-sports-nautiques\/#breadcrumb\"},\"inLanguage\":\"fr-FR\",\"potentialAction\":[{\"@type\":\"ReadAction\",\"target\":[\"https:\/\/wikkelboat.nl\/fr\/regles-relatives-aux-sports-nautiques\/\"]}]},{\"@type\":\"ImageObject\",\"inLanguage\":\"fr-FR\",\"@id\":\"https:\/\/wikkelboat.nl\/fr\/regles-relatives-aux-sports-nautiques\/#primaryimage\",\"url\":\"https:\/\/wikkelboat.nl\/wp-content\/uploads\/2022\/06\/Kaart-Vaargebied-waterrcreatie-1024x808.jpg\",\"contentUrl\":\"https:\/\/wikkelboat.nl\/wp-content\/uploads\/2022\/06\/Kaart-Vaargebied-waterrcreatie-1024x808.jpg\"},{\"@type\":\"BreadcrumbList\",\"@id\":\"https:\/\/wikkelboat.nl\/fr\/regles-relatives-aux-sports-nautiques\/#breadcrumb\",\"itemListElement\":[{\"@type\":\"ListItem\",\"position\":1,\"name\":\"Home\",\"item\":\"https:\/\/wikkelboat.nl\/fr\/home\/\"},{\"@type\":\"ListItem\",\"position\":2,\"name\":\"R\u00e8gles relatives aux sports nautiques\"}]},{\"@type\":\"WebSite\",\"@id\":\"https:\/\/wikkelboat.nl\/fr\/#website\",\"url\":\"https:\/\/wikkelboat.nl\/fr\/\",\"name\":\"Wikkelboat\",\"description\":\"Uniek verblijf in een tiny house boot op het water\",\"publisher\":{\"@id\":\"https:\/\/wikkelboat.nl\/fr\/#organization\"},\"potentialAction\":[{\"@type\":\"SearchAction\",\"target\":{\"@type\":\"EntryPoint\",\"urlTemplate\":\"https:\/\/wikkelboat.nl\/fr\/?s={search_term_string}\"},\"query-input\":{\"@type\":\"PropertyValueSpecification\",\"valueRequired\":true,\"valueName\":\"search_term_string\"}}],\"inLanguage\":\"fr-FR\"},{\"@type\":\"Organization\",\"@id\":\"https:\/\/wikkelboat.nl\/fr\/#organization\",\"name\":\"Wikkelboat\",\"url\":\"https:\/\/wikkelboat.nl\/fr\/\",\"logo\":{\"@type\":\"ImageObject\",\"inLanguage\":\"fr-FR\",\"@id\":\"https:\/\/wikkelboat.nl\/fr\/#\/schema\/logo\/image\/\",\"url\":\"https:\/\/wikkelboat.nl\/wp-content\/uploads\/2022\/03\/Artwork5_4badc3a7-7068-424b-8249-f3f2cd4b696c.png\",\"contentUrl\":\"https:\/\/wikkelboat.nl\/wp-content\/uploads\/2022\/03\/Artwork5_4badc3a7-7068-424b-8249-f3f2cd4b696c.png\",\"width\":1358,\"height\":1131,\"caption\":\"Wikkelboat\"},\"image\":{\"@id\":\"https:\/\/wikkelboat.nl\/fr\/#\/schema\/logo\/image\/\"},\"sameAs\":[\"https:\/\/www.facebook.com\/Wikkelboat\"]}]}<\/script>\n<!-- \/ Yoast SEO plugin. -->","yoast_head_json":{"title":"R\u00e8gles relatives aux sports nautiques | Wikkelboat","robots":{"index":"index","follow":"follow","max-snippet":"max-snippet:-1","max-image-preview":"max-image-preview:large","max-video-preview":"max-video-preview:-1"},"canonical":"https:\/\/wikkelboat.nl\/fr\/regles-relatives-aux-sports-nautiques\/","og_locale":"fr_FR","og_type":"article","og_title":"R\u00e8gles relatives aux sports nautiques | Wikkelboat","og_description":"C&rsquo;est g\u00e9nial que vous alliez d\u00e9couvrir les eaux de Rotterdam sur l&rsquo;un de nos SUPs\/kayaks\/cano\u00ebs\/v\u00e9lo d&rsquo;eau ! Pour que l&rsquo;exp\u00e9rience reste amusante et s\u00fbre pour tous, nous demandons \u00e0 chaque utilisateur de respecter et d&rsquo;accepter explicitement les r\u00e8gles suivantes : &#8211; Regardez toujours autour de vous &#8211; la navigation peut approcher et ne pas regarder [&hellip;]","og_url":"https:\/\/wikkelboat.nl\/fr\/regles-relatives-aux-sports-nautiques\/","og_site_name":"Wikkelboat","article_publisher":"https:\/\/www.facebook.com\/Wikkelboat","article_modified_time":"2022-07-06T11:23:09+00:00","og_image":[{"url":"https:\/\/wikkelboat.nl\/wp-content\/uploads\/2022\/06\/Kaart-Vaargebied-waterrcreatie-1024x808.jpg","type":"","width":"","height":""}],"twitter_card":"summary_large_image","twitter_misc":{"Dur\u00e9e de lecture estim\u00e9e":"1 minute"},"schema":{"@context":"https:\/\/schema.org","@graph":[{"@type":"WebPage","@id":"https:\/\/wikkelboat.nl\/fr\/regles-relatives-aux-sports-nautiques\/","url":"https:\/\/wikkelboat.nl\/fr\/regles-relatives-aux-sports-nautiques\/","name":"R\u00e8gles relatives aux sports nautiques | Wikkelboat","isPartOf":{"@id":"https:\/\/wikkelboat.nl\/fr\/#website"},"primaryImageOfPage":{"@id":"https:\/\/wikkelboat.nl\/fr\/regles-relatives-aux-sports-nautiques\/#primaryimage"},"image":{"@id":"https:\/\/wikkelboat.nl\/fr\/regles-relatives-aux-sports-nautiques\/#primaryimage"},"thumbnailUrl":"https:\/\/wikkelboat.nl\/wp-content\/uploads\/2022\/06\/Kaart-Vaargebied-waterrcreatie-1024x808.jpg","datePublished":"2022-06-11T13:31:51+00:00","dateModified":"2022-07-06T11:23:09+00:00","breadcrumb":{"@id":"https:\/\/wikkelboat.nl\/fr\/regles-relatives-aux-sports-nautiques\/#breadcrumb"},"inLanguage":"fr-FR","potentialAction":[{"@type":"ReadAction","target":["https:\/\/wikkelboat.nl\/fr\/regles-relatives-aux-sports-nautiques\/"]}]},{"@type":"ImageObject","inLanguage":"fr-FR","@id":"https:\/\/wikkelboat.nl\/fr\/regles-relatives-aux-sports-nautiques\/#primaryimage","url":"https:\/\/wikkelboat.nl\/wp-content\/uploads\/2022\/06\/Kaart-Vaargebied-waterrcreatie-1024x808.jpg","contentUrl":"https:\/\/wikkelboat.nl\/wp-content\/uploads\/2022\/06\/Kaart-Vaargebied-waterrcreatie-1024x808.jpg"},{"@type":"BreadcrumbList","@id":"https:\/\/wikkelboat.nl\/fr\/regles-relatives-aux-sports-nautiques\/#breadcrumb","itemListElement":[{"@type":"ListItem","position":1,"name":"Home","item":"https:\/\/wikkelboat.nl\/fr\/home\/"},{"@type":"ListItem","position":2,"name":"R\u00e8gles relatives aux sports nautiques"}]},{"@type":"WebSite","@id":"https:\/\/wikkelboat.nl\/fr\/#website","url":"https:\/\/wikkelboat.nl\/fr\/","name":"Wikkelboat","description":"Uniek verblijf in een tiny house boot op het water","publisher":{"@id":"https:\/\/wikkelboat.nl\/fr\/#organization"},"potentialAction":[{"@type":"SearchAction","target":{"@type":"EntryPoint","urlTemplate":"https:\/\/wikkelboat.nl\/fr\/?s={search_term_string}"},"query-input":{"@type":"PropertyValueSpecification","valueRequired":true,"valueName":"search_term_string"}}],"inLanguage":"fr-FR"},{"@type":"Organization","@id":"https:\/\/wikkelboat.nl\/fr\/#organization","name":"Wikkelboat","url":"https:\/\/wikkelboat.nl\/fr\/","logo":{"@type":"ImageObject","inLanguage":"fr-FR","@id":"https:\/\/wikkelboat.nl\/fr\/#\/schema\/logo\/image\/","url":"https:\/\/wikkelboat.nl\/wp-content\/uploads\/2022\/03\/Artwork5_4badc3a7-7068-424b-8249-f3f2cd4b696c.png","contentUrl":"https:\/\/wikkelboat.nl\/wp-content\/uploads\/2022\/03\/Artwork5_4badc3a7-7068-424b-8249-f3f2cd4b696c.png","width":1358,"height":1131,"caption":"Wikkelboat"},"image":{"@id":"https:\/\/wikkelboat.nl\/fr\/#\/schema\/logo\/image\/"},"sameAs":["https:\/\/www.facebook.com\/Wikkelboat"]}]}},"_links":{"self":[{"href":"https:\/\/wikkelboat.nl\/fr\/wp-json\/wp\/v2\/pages\/2117","targetHints":{"allow":["GET"]}}],"collection":[{"href":"https:\/\/wikkelboat.nl\/fr\/wp-json\/wp\/v2\/pages"}],"about":[{"href":"https:\/\/wikkelboat.nl\/fr\/wp-json\/wp\/v2\/types\/page"}],"author":[{"embeddable":true,"href":"https:\/\/wikkelboat.nl\/fr\/wp-json\/wp\/v2\/users\/3"}],"replies":[{"embeddable":true,"href":"https:\/\/wikkelboat.nl\/fr\/wp-json\/wp\/v2\/comments?post=2117"}],"version-history":[{"count":3,"href":"https:\/\/wikkelboat.nl\/fr\/wp-json\/wp\/v2\/pages\/2117\/revisions"}],"predecessor-version":[{"id":2121,"href":"https:\/\/wikkelboat.nl\/fr\/wp-json\/wp\/v2\/pages\/2117\/revisions\/2121"}],"wp:attachment":[{"href":"https:\/\/wikkelboat.nl\/fr\/wp-json\/wp\/v2\/media?parent=2117"}],"curies":[{"name":"wp","href":"https:\/\/api.w.org\/{rel}","templated":true}]}}